{"id":1436,"date":"2022-06-01T11:39:55","date_gmt":"2022-06-01T03:39:55","guid":{"rendered":"https:\/\/megatrimming.com\/?post_type=product&#038;p=1436"},"modified":"2022-06-01T11:45:59","modified_gmt":"2022-06-01T03:45:59","slug":"pvc-soft-rubber-zipper-puller","status":"publish","type":"product","link":"https:\/\/megatrimming.com\/de\/produkt\/pvc-soft-rubber-zipper-puller\/","title":{"rendered":"Rei\u00dfverschlussschieber aus PVC-Weichgummi"},"content":{"rendered":"","protected":false},"excerpt":{"rendered":"<p>Spot-Lieferung von Rei\u00dfverschlusslasche aus PVC-Weichgummi f\u00fcr Gep\u00e4ck und Handtaschen.<\/p>","protected":false},"featured_media":1437,"comment_status":"open","ping_status":"closed","template":"","meta":{"_seopress_robots_primary_cat":"","_seopress_titles_title":"","_seopress_titles_desc":"","_seopress_robots_index":"","_uag_custom_page_level_css":""},"product_brand":[],"product_cat":[33,51],"product_tag":[53,38],"class_list":{"0":"post-1436","1":"product","2":"type-product","3":"status-publish","4":"has-post-thumbnail","6":"product_cat-rubber-zipper-puller","7":"product_cat-pvc-zipper-puller","8":"product_tag-pvc","9":"product_tag-zipper-puller","11":"first","12":"instock","13":"shipping-taxable","14":"product-type-simple"},"uagb_featured_image_src":{"full":["https:\/\/megatrimming.com\/wp-content\/uploads\/2022\/06\/\u4e3b\u56fe-03.jpg",750,750,false],"thumbnail":["https:\/\/megatrimming.com\/wp-content\/uploads\/2022\/06\/\u4e3b\u56fe-03-150x150.jpg",150,150,true],"medium":["https:\/\/megatrimming.com\/wp-content\/uploads\/2022\/06\/\u4e3b\u56fe-03-300x300.jpg",300,300,true],"medium_large":["https:\/\/megatrimming.com\/wp-content\/uploads\/2022\/06\/\u4e3b\u56fe-03.jpg",750,750,false],"large":["https:\/\/megatrimming.com\/wp-content\/uploads\/2022\/06\/\u4e3b\u56fe-03.jpg",750,750,false],"1536x1536":["https:\/\/megatrimming.com\/wp-content\/uploads\/2022\/06\/\u4e3b\u56fe-03.jpg",750,750,false],"2048x2048":["https:\/\/megatrimming.com\/wp-content\/uploads\/2022\/06\/\u4e3b\u56fe-03.jpg",750,750,false],"trp-custom-language-flag":["https:\/\/megatrimming.com\/wp-content\/uploads\/2022\/06\/\u4e3b\u56fe-03.jpg",12,12,false],"woocommerce_thumbnail":["https:\/\/megatrimming.com\/wp-content\/uploads\/2022\/06\/\u4e3b\u56fe-03-300x300.jpg",300,300,true],"woocommerce_single":["https:\/\/megatrimming.com\/wp-content\/uploads\/2022\/06\/\u4e3b\u56fe-03-600x600.jpg",600,600,true],"woocommerce_gallery_thumbnail":["https:\/\/megatrimming.com\/wp-content\/uploads\/2022\/06\/\u4e3b\u56fe-03-100x100.jpg",100,100,true]},"uagb_author_info":{"display_name":"Jason Lu","author_link":"https:\/\/megatrimming.com\/de\/author\/"},"uagb_comment_info":0,"uagb_excerpt":"Spot supply pvc soft rubber zipper luggage handbag pull tab.","_links":{"self":[{"href":"https:\/\/megatrimming.com\/de\/wp-json\/wp\/v2\/product\/1436","targetHints":{"allow":["GET"]}}],"collection":[{"href":"https:\/\/megatrimming.com\/de\/wp-json\/wp\/v2\/product"}],"about":[{"href":"https:\/\/megatrimming.com\/de\/wp-json\/wp\/v2\/types\/product"}],"replies":[{"embeddable":true,"href":"https:\/\/megatrimming.com\/de\/wp-json\/wp\/v2\/comments?post=1436"}],"wp:featuredmedia":[{"embeddable":true,"href":"https:\/\/megatrimming.com\/de\/wp-json\/wp\/v2\/media\/1437"}],"wp:attachment":[{"href":"https:\/\/megatrimming.com\/de\/wp-json\/wp\/v2\/media?parent=1436"}],"wp:term":[{"taxonomy":"product_brand","embeddable":true,"href":"https:\/\/megatrimming.com\/de\/wp-json\/wp\/v2\/product_brand?post=1436"},{"taxonomy":"product_cat","embeddable":true,"href":"https:\/\/megatrimming.com\/de\/wp-json\/wp\/v2\/product_cat?post=1436"},{"taxonomy":"product_tag","embeddable":true,"href":"https:\/\/megatrimming.com\/de\/wp-json\/wp\/v2\/product_tag?post=1436"}],"curies":[{"name":"wp","href":"https:\/\/api.w.org\/{rel}","templated":true}]}}