{"id":2455,"date":"2022-11-03T15:31:37","date_gmt":"2022-11-03T07:31:37","guid":{"rendered":"https:\/\/megatrimming.com\/?post_type=product&#038;p=2455"},"modified":"2022-11-03T15:33:38","modified_gmt":"2022-11-03T07:33:38","slug":"eco-friendly-soft-pvc-embossed-3d-logo-silicone-rubber-label-customized-rubber-patch-garment-patch-for-garment-bag-for-hats","status":"publish","type":"product","link":"https:\/\/megatrimming.com\/de\/produkt\/eco-friendly-soft-pvc-embossed-3d-logo-silicone-rubber-label-customized-rubber-patch-garment-patch-for-garment-bag-for-hats\/","title":{"rendered":"Umweltfreundliches, weiches PVC-gepr\u00e4gtes 3D-Logo-Silikonkautschuk-Etikett, kundenspezifischer Gummi-Patch, Kleidungsst\u00fcck-Patch f\u00fcr Kleiders\u00e4cke f\u00fcr H\u00fcte"},"content":{"rendered":"","protected":false},"excerpt":{"rendered":"<h1 data-spm-anchor-id=\"a2700.details.0.i9.5a243c73I9KxQT\">Umweltfreundliches, weiches PVC-gepr\u00e4gtes 3D-Logo-Silikonkautschuk-Etikett, kundenspezifischer Gummi-Patch, Kleidungsst\u00fcck-Patch f\u00fcr Kleiders\u00e4cke f\u00fcr H\u00fcte<\/h1>","protected":false},"featured_media":2462,"comment_status":"open","ping_status":"closed","template":"","meta":{"_seopress_robots_primary_cat":"none","_seopress_titles_title":"","_seopress_titles_desc":"","_seopress_robots_index":"","_uag_custom_page_level_css":""},"product_brand":[],"product_cat":[40,28],"product_tag":[92],"class_list":{"0":"post-2455","1":"product","2":"type-product","3":"status-publish","4":"has-post-thumbnail","6":"product_cat-rubber-label","7":"product_cat-pvc-label","8":"product_tag-pvc-label","10":"first","11":"instock","12":"shipping-taxable","13":"product-type-simple"},"uagb_featured_image_src":{"full":["https:\/\/megatrimming.com\/wp-content\/uploads\/2022\/11\/Main-02-1.jpg",800,800,false],"thumbnail":["https:\/\/megatrimming.com\/wp-content\/uploads\/2022\/11\/Main-02-1-150x150.jpg",150,150,true],"medium":["https:\/\/megatrimming.com\/wp-content\/uploads\/2022\/11\/Main-02-1-300x300.jpg",300,300,true],"medium_large":["https:\/\/megatrimming.com\/wp-content\/uploads\/2022\/11\/Main-02-1-768x768.jpg",768,768,true],"large":["https:\/\/megatrimming.com\/wp-content\/uploads\/2022\/11\/Main-02-1.jpg",800,800,false],"1536x1536":["https:\/\/megatrimming.com\/wp-content\/uploads\/2022\/11\/Main-02-1.jpg",800,800,false],"2048x2048":["https:\/\/megatrimming.com\/wp-content\/uploads\/2022\/11\/Main-02-1.jpg",800,800,false],"trp-custom-language-flag":["https:\/\/megatrimming.com\/wp-content\/uploads\/2022\/11\/Main-02-1.jpg",12,12,false],"woocommerce_thumbnail":["https:\/\/megatrimming.com\/wp-content\/uploads\/2022\/11\/Main-02-1-300x300.jpg",300,300,true],"woocommerce_single":["https:\/\/megatrimming.com\/wp-content\/uploads\/2022\/11\/Main-02-1-600x600.jpg",600,600,true],"woocommerce_gallery_thumbnail":["https:\/\/megatrimming.com\/wp-content\/uploads\/2022\/11\/Main-02-1-100x100.jpg",100,100,true]},"uagb_author_info":{"display_name":"Jason Lu","author_link":"https:\/\/megatrimming.com\/de\/author\/"},"uagb_comment_info":0,"uagb_excerpt":"Eco-friendly Soft Pvc Embossed 3d Logo Silicone Rubber Label Customized Rubber Patch Garment Patch For Garment Bag For Hats","_links":{"self":[{"href":"https:\/\/megatrimming.com\/de\/wp-json\/wp\/v2\/product\/2455","targetHints":{"allow":["GET"]}}],"collection":[{"href":"https:\/\/megatrimming.com\/de\/wp-json\/wp\/v2\/product"}],"about":[{"href":"https:\/\/megatrimming.com\/de\/wp-json\/wp\/v2\/types\/product"}],"replies":[{"embeddable":true,"href":"https:\/\/megatrimming.com\/de\/wp-json\/wp\/v2\/comments?post=2455"}],"wp:featuredmedia":[{"embeddable":true,"href":"https:\/\/megatrimming.com\/de\/wp-json\/wp\/v2\/media\/2462"}],"wp:attachment":[{"href":"https:\/\/megatrimming.com\/de\/wp-json\/wp\/v2\/media?parent=2455"}],"wp:term":[{"taxonomy":"product_brand","embeddable":true,"href":"https:\/\/megatrimming.com\/de\/wp-json\/wp\/v2\/product_brand?post=2455"},{"taxonomy":"product_cat","embeddable":true,"href":"https:\/\/megatrimming.com\/de\/wp-json\/wp\/v2\/product_cat?post=2455"},{"taxonomy":"product_tag","embeddable":true,"href":"https:\/\/megatrimming.com\/de\/wp-json\/wp\/v2\/product_tag?post=2455"}],"curies":[{"name":"wp","href":"https:\/\/api.w.org\/{rel}","templated":true}]}}