{"id":914,"date":"2021-12-29T11:25:28","date_gmt":"2021-12-29T03:25:28","guid":{"rendered":"https:\/\/megatrimming.com\/?post_type=product&#038;p=914"},"modified":"2021-12-29T11:25:29","modified_gmt":"2021-12-29T03:25:29","slug":"tpu-heat-transfer-label","status":"publish","type":"product","link":"https:\/\/megatrimming.com\/de\/produkt\/tpu-heat-transfer-label\/","title":{"rendered":"TPU-W\u00e4rme\u00fcbertragungsetikett"},"content":{"rendered":"","protected":false},"excerpt":{"rendered":"<p>Benutzerdefiniertes TPU-W\u00e4rme\u00fcbertragungsetikett mit 3D-Pr\u00e4gung f\u00fcr Kleidungsst\u00fccke<\/p>","protected":false},"featured_media":915,"comment_status":"open","ping_status":"closed","template":"","meta":{"_seopress_robots_primary_cat":"","_seopress_titles_title":"","_seopress_titles_desc":"","_seopress_robots_index":"","_uag_custom_page_level_css":""},"product_brand":[],"product_cat":[49],"product_tag":[67,31],"class_list":{"0":"post-914","1":"product","2":"type-product","3":"status-publish","4":"has-post-thumbnail","6":"product_cat-tpu-label","7":"product_tag-heat-transfer","8":"product_tag-tpu","10":"first","11":"instock","12":"shipping-taxable","13":"product-type-simple"},"uagb_featured_image_src":{"full":["https:\/\/megatrimming.com\/wp-content\/uploads\/2021\/12\/Hca2604bf3f8144b58719cfba5a6eba6fw.webp.jpg",750,750,false],"thumbnail":["https:\/\/megatrimming.com\/wp-content\/uploads\/2021\/12\/Hca2604bf3f8144b58719cfba5a6eba6fw.webp-150x150.jpg",150,150,true],"medium":["https:\/\/megatrimming.com\/wp-content\/uploads\/2021\/12\/Hca2604bf3f8144b58719cfba5a6eba6fw.webp-300x300.jpg",300,300,true],"medium_large":["https:\/\/megatrimming.com\/wp-content\/uploads\/2021\/12\/Hca2604bf3f8144b58719cfba5a6eba6fw.webp.jpg",750,750,false],"large":["https:\/\/megatrimming.com\/wp-content\/uploads\/2021\/12\/Hca2604bf3f8144b58719cfba5a6eba6fw.webp.jpg",750,750,false],"1536x1536":["https:\/\/megatrimming.com\/wp-content\/uploads\/2021\/12\/Hca2604bf3f8144b58719cfba5a6eba6fw.webp.jpg",750,750,false],"2048x2048":["https:\/\/megatrimming.com\/wp-content\/uploads\/2021\/12\/Hca2604bf3f8144b58719cfba5a6eba6fw.webp.jpg",750,750,false],"trp-custom-language-flag":["https:\/\/megatrimming.com\/wp-content\/uploads\/2021\/12\/Hca2604bf3f8144b58719cfba5a6eba6fw.webp.jpg",12,12,false],"woocommerce_thumbnail":["https:\/\/megatrimming.com\/wp-content\/uploads\/2021\/12\/Hca2604bf3f8144b58719cfba5a6eba6fw.webp-300x300.jpg",300,300,true],"woocommerce_single":["https:\/\/megatrimming.com\/wp-content\/uploads\/2021\/12\/Hca2604bf3f8144b58719cfba5a6eba6fw.webp-600x600.jpg",600,600,true],"woocommerce_gallery_thumbnail":["https:\/\/megatrimming.com\/wp-content\/uploads\/2021\/12\/Hca2604bf3f8144b58719cfba5a6eba6fw.webp-100x100.jpg",100,100,true]},"uagb_author_info":{"display_name":"Jason Lu","author_link":"https:\/\/megatrimming.com\/de\/author\/"},"uagb_comment_info":0,"uagb_excerpt":"Custom 3D Embossed Printing TPU Heat Transfer Label For Garment","_links":{"self":[{"href":"https:\/\/megatrimming.com\/de\/wp-json\/wp\/v2\/product\/914","targetHints":{"allow":["GET"]}}],"collection":[{"href":"https:\/\/megatrimming.com\/de\/wp-json\/wp\/v2\/product"}],"about":[{"href":"https:\/\/megatrimming.com\/de\/wp-json\/wp\/v2\/types\/product"}],"replies":[{"embeddable":true,"href":"https:\/\/megatrimming.com\/de\/wp-json\/wp\/v2\/comments?post=914"}],"wp:featuredmedia":[{"embeddable":true,"href":"https:\/\/megatrimming.com\/de\/wp-json\/wp\/v2\/media\/915"}],"wp:attachment":[{"href":"https:\/\/megatrimming.com\/de\/wp-json\/wp\/v2\/media?parent=914"}],"wp:term":[{"taxonomy":"product_brand","embeddable":true,"href":"https:\/\/megatrimming.com\/de\/wp-json\/wp\/v2\/product_brand?post=914"},{"taxonomy":"product_cat","embeddable":true,"href":"https:\/\/megatrimming.com\/de\/wp-json\/wp\/v2\/product_cat?post=914"},{"taxonomy":"product_tag","embeddable":true,"href":"https:\/\/megatrimming.com\/de\/wp-json\/wp\/v2\/product_tag?post=914"}],"curies":[{"name":"wp","href":"https:\/\/api.w.org\/{rel}","templated":true}]}}