{"id":1360,"date":"2022-05-23T09:55:55","date_gmt":"2022-05-23T01:55:55","guid":{"rendered":"https:\/\/megatrimming.com\/?post_type=product&#038;p=1360"},"modified":"2022-05-23T10:34:23","modified_gmt":"2022-05-23T02:34:23","slug":"3d-stereo-silicone-heat-transfer-label","status":"publish","type":"product","link":"https:\/\/megatrimming.com\/es\/producto\/3d-stereo-silicone-heat-transfer-label\/","title":{"rendered":"Etiqueta de transferencia t\u00e9rmica de silicona con dise\u00f1o estereosc\u00f3pico 3D"},"content":{"rendered":"","protected":false},"excerpt":{"rendered":"<p>Etiquetas de transferencia t\u00e9rmica de silicona 3D con logotipos personalizables, estampaci\u00f3n en caliente de ropa, bolsos, zapatos y sombreros.<\/p>","protected":false},"featured_media":1361,"comment_status":"open","ping_status":"closed","template":"","meta":{"_seopress_robots_primary_cat":"","_seopress_titles_title":"","_seopress_titles_desc":"","_seopress_robots_index":"","_uag_custom_page_level_css":""},"product_brand":[],"product_cat":[48],"product_tag":[89],"class_list":{"0":"post-1360","1":"product","2":"type-product","3":"status-publish","4":"has-post-thumbnail","6":"product_cat-silicone-label","7":"product_tag-silicone-label","9":"first","10":"instock","11":"shipping-taxable","12":"product-type-simple"},"uagb_featured_image_src":{"full":["https:\/\/megatrimming.com\/wp-content\/uploads\/2022\/05\/\u4e3b\u56fe-07-8.jpg",800,800,false],"thumbnail":["https:\/\/megatrimming.com\/wp-content\/uploads\/2022\/05\/\u4e3b\u56fe-07-8-150x150.jpg",150,150,true],"medium":["https:\/\/megatrimming.com\/wp-content\/uploads\/2022\/05\/\u4e3b\u56fe-07-8-300x300.jpg",300,300,true],"medium_large":["https:\/\/megatrimming.com\/wp-content\/uploads\/2022\/05\/\u4e3b\u56fe-07-8-768x768.jpg",768,768,true],"large":["https:\/\/megatrimming.com\/wp-content\/uploads\/2022\/05\/\u4e3b\u56fe-07-8.jpg",800,800,false],"1536x1536":["https:\/\/megatrimming.com\/wp-content\/uploads\/2022\/05\/\u4e3b\u56fe-07-8.jpg",800,800,false],"2048x2048":["https:\/\/megatrimming.com\/wp-content\/uploads\/2022\/05\/\u4e3b\u56fe-07-8.jpg",800,800,false],"trp-custom-language-flag":["https:\/\/megatrimming.com\/wp-content\/uploads\/2022\/05\/\u4e3b\u56fe-07-8.jpg",12,12,false],"woocommerce_thumbnail":["https:\/\/megatrimming.com\/wp-content\/uploads\/2022\/05\/\u4e3b\u56fe-07-8-300x300.jpg",300,300,true],"woocommerce_single":["https:\/\/megatrimming.com\/wp-content\/uploads\/2022\/05\/\u4e3b\u56fe-07-8-600x600.jpg",600,600,true],"woocommerce_gallery_thumbnail":["https:\/\/megatrimming.com\/wp-content\/uploads\/2022\/05\/\u4e3b\u56fe-07-8-100x100.jpg",100,100,true]},"uagb_author_info":{"display_name":"Jason Lu","author_link":"https:\/\/megatrimming.com\/es\/author\/"},"uagb_comment_info":0,"uagb_excerpt":"3D silicone heat transfer labels with customizable logos, hot stamping of clothing, bags, shoes and hats.","_links":{"self":[{"href":"https:\/\/megatrimming.com\/es\/wp-json\/wp\/v2\/product\/1360","targetHints":{"allow":["GET"]}}],"collection":[{"href":"https:\/\/megatrimming.com\/es\/wp-json\/wp\/v2\/product"}],"about":[{"href":"https:\/\/megatrimming.com\/es\/wp-json\/wp\/v2\/types\/product"}],"replies":[{"embeddable":true,"href":"https:\/\/megatrimming.com\/es\/wp-json\/wp\/v2\/comments?post=1360"}],"wp:featuredmedia":[{"embeddable":true,"href":"https:\/\/megatrimming.com\/es\/wp-json\/wp\/v2\/media\/1361"}],"wp:attachment":[{"href":"https:\/\/megatrimming.com\/es\/wp-json\/wp\/v2\/media?parent=1360"}],"wp:term":[{"taxonomy":"product_brand","embeddable":true,"href":"https:\/\/megatrimming.com\/es\/wp-json\/wp\/v2\/product_brand?post=1360"},{"taxonomy":"product_cat","embeddable":true,"href":"https:\/\/megatrimming.com\/es\/wp-json\/wp\/v2\/product_cat?post=1360"},{"taxonomy":"product_tag","embeddable":true,"href":"https:\/\/megatrimming.com\/es\/wp-json\/wp\/v2\/product_tag?post=1360"}],"curies":[{"name":"wp","href":"https:\/\/api.w.org\/{rel}","templated":true}]}}