{"id":1313,"date":"2022-05-13T11:51:35","date_gmt":"2022-05-13T03:51:35","guid":{"rendered":"https:\/\/megatrimming.com\/?post_type=product&#038;p=1313"},"modified":"2022-05-13T11:54:47","modified_gmt":"2022-05-13T03:54:47","slug":"silicone-luggage-tag","status":"publish","type":"product","link":"https:\/\/megatrimming.com\/fr\/produit\/silicone-luggage-tag\/","title":{"rendered":"\u00c9tiquette de bagage en silicone"},"content":{"rendered":"","protected":false},"excerpt":{"rendered":"<p>\u00c9tiquette de bagage longue en silicone souple en PVC, carte d&#039;embarquement de valise, \u00e9tiquette d&#039;enregistrement de bagage en caoutchouc.<\/p>","protected":false},"featured_media":1314,"comment_status":"open","ping_status":"closed","template":"","meta":{"_seopress_robots_primary_cat":"","_seopress_titles_title":"","_seopress_titles_desc":"","_seopress_robots_index":"","_uag_custom_page_level_css":""},"product_brand":[],"product_cat":[69],"product_tag":[88],"class_list":{"0":"post-1313","1":"product","2":"type-product","3":"status-publish","4":"has-post-thumbnail","6":"product_cat-rubber-suitcase-tag","7":"product_tag-rubber-tag","9":"first","10":"instock","11":"shipping-taxable","12":"product-type-simple"},"uagb_featured_image_src":{"full":["https:\/\/megatrimming.com\/wp-content\/uploads\/2022\/05\/\u4e3b\u56fe-06-7.jpg",1700,1700,false],"thumbnail":["https:\/\/megatrimming.com\/wp-content\/uploads\/2022\/05\/\u4e3b\u56fe-06-7-150x150.jpg",150,150,true],"medium":["https:\/\/megatrimming.com\/wp-content\/uploads\/2022\/05\/\u4e3b\u56fe-06-7-300x300.jpg",300,300,true],"medium_large":["https:\/\/megatrimming.com\/wp-content\/uploads\/2022\/05\/\u4e3b\u56fe-06-7-768x768.jpg",768,768,true],"large":["https:\/\/megatrimming.com\/wp-content\/uploads\/2022\/05\/\u4e3b\u56fe-06-7-1024x1024.jpg",800,800,true],"1536x1536":["https:\/\/megatrimming.com\/wp-content\/uploads\/2022\/05\/\u4e3b\u56fe-06-7-1536x1536.jpg",1536,1536,true],"2048x2048":["https:\/\/megatrimming.com\/wp-content\/uploads\/2022\/05\/\u4e3b\u56fe-06-7.jpg",1700,1700,false],"trp-custom-language-flag":["https:\/\/megatrimming.com\/wp-content\/uploads\/2022\/05\/\u4e3b\u56fe-06-7.jpg",12,12,false],"woocommerce_thumbnail":["https:\/\/megatrimming.com\/wp-content\/uploads\/2022\/05\/\u4e3b\u56fe-06-7-300x300.jpg",300,300,true],"woocommerce_single":["https:\/\/megatrimming.com\/wp-content\/uploads\/2022\/05\/\u4e3b\u56fe-06-7-600x600.jpg",600,600,true],"woocommerce_gallery_thumbnail":["https:\/\/megatrimming.com\/wp-content\/uploads\/2022\/05\/\u4e3b\u56fe-06-7-100x100.jpg",100,100,true]},"uagb_author_info":{"display_name":"Jason Lu","author_link":"https:\/\/megatrimming.com\/fr\/author\/"},"uagb_comment_info":0,"uagb_excerpt":"Long pvc soft silicone luggage tag, suitcase boarding pass, rubber luggage check-in tag.","_links":{"self":[{"href":"https:\/\/megatrimming.com\/fr\/wp-json\/wp\/v2\/product\/1313","targetHints":{"allow":["GET"]}}],"collection":[{"href":"https:\/\/megatrimming.com\/fr\/wp-json\/wp\/v2\/product"}],"about":[{"href":"https:\/\/megatrimming.com\/fr\/wp-json\/wp\/v2\/types\/product"}],"replies":[{"embeddable":true,"href":"https:\/\/megatrimming.com\/fr\/wp-json\/wp\/v2\/comments?post=1313"}],"wp:featuredmedia":[{"embeddable":true,"href":"https:\/\/megatrimming.com\/fr\/wp-json\/wp\/v2\/media\/1314"}],"wp:attachment":[{"href":"https:\/\/megatrimming.com\/fr\/wp-json\/wp\/v2\/media?parent=1313"}],"wp:term":[{"taxonomy":"product_brand","embeddable":true,"href":"https:\/\/megatrimming.com\/fr\/wp-json\/wp\/v2\/product_brand?post=1313"},{"taxonomy":"product_cat","embeddable":true,"href":"https:\/\/megatrimming.com\/fr\/wp-json\/wp\/v2\/product_cat?post=1313"},{"taxonomy":"product_tag","embeddable":true,"href":"https:\/\/megatrimming.com\/fr\/wp-json\/wp\/v2\/product_tag?post=1313"}],"curies":[{"name":"wp","href":"https:\/\/api.w.org\/{rel}","templated":true}]}}