{"id":1389,"date":"2022-05-26T10:11:11","date_gmt":"2022-05-26T02:11:11","guid":{"rendered":"https:\/\/megatrimming.com\/?post_type=product&#038;p=1389"},"modified":"2022-05-26T11:03:57","modified_gmt":"2022-05-26T03:03:57","slug":"tpu-two-color-zipper-puller","status":"publish","type":"product","link":"https:\/\/megatrimming.com\/fr\/produit\/tpu-two-color-zipper-puller\/","title":{"rendered":"Tirette de fermeture \u00e9clair bicolore en TPU"},"content":{"rendered":"","protected":false},"excerpt":{"rendered":"<p>Tirette de fermeture \u00e0 glissi\u00e8re moul\u00e9e par injection pour bagages et v\u00eatements, tirette de fermeture \u00e0 glissi\u00e8re moul\u00e9e par injection directe bicolore en TPU.<\/p>","protected":false},"featured_media":1390,"comment_status":"open","ping_status":"closed","template":"","meta":{"_seopress_robots_primary_cat":"","_seopress_titles_title":"","_seopress_titles_desc":"","_seopress_robots_index":"","_uag_custom_page_level_css":""},"product_brand":[],"product_cat":[52],"product_tag":[31,38],"class_list":{"0":"post-1389","1":"product","2":"type-product","3":"status-publish","4":"has-post-thumbnail","6":"product_cat-tpu-zipper-puller","7":"product_tag-tpu","8":"product_tag-zipper-puller","10":"first","11":"instock","12":"shipping-taxable","13":"product-type-simple"},"uagb_featured_image_src":{"full":["https:\/\/megatrimming.com\/wp-content\/uploads\/2022\/05\/\u4e3b\u56fe-03-11.jpg",800,800,false],"thumbnail":["https:\/\/megatrimming.com\/wp-content\/uploads\/2022\/05\/\u4e3b\u56fe-03-11-150x150.jpg",150,150,true],"medium":["https:\/\/megatrimming.com\/wp-content\/uploads\/2022\/05\/\u4e3b\u56fe-03-11-300x300.jpg",300,300,true],"medium_large":["https:\/\/megatrimming.com\/wp-content\/uploads\/2022\/05\/\u4e3b\u56fe-03-11-768x768.jpg",768,768,true],"large":["https:\/\/megatrimming.com\/wp-content\/uploads\/2022\/05\/\u4e3b\u56fe-03-11.jpg",800,800,false],"1536x1536":["https:\/\/megatrimming.com\/wp-content\/uploads\/2022\/05\/\u4e3b\u56fe-03-11.jpg",800,800,false],"2048x2048":["https:\/\/megatrimming.com\/wp-content\/uploads\/2022\/05\/\u4e3b\u56fe-03-11.jpg",800,800,false],"trp-custom-language-flag":["https:\/\/megatrimming.com\/wp-content\/uploads\/2022\/05\/\u4e3b\u56fe-03-11.jpg",12,12,false],"woocommerce_thumbnail":["https:\/\/megatrimming.com\/wp-content\/uploads\/2022\/05\/\u4e3b\u56fe-03-11-300x300.jpg",300,300,true],"woocommerce_single":["https:\/\/megatrimming.com\/wp-content\/uploads\/2022\/05\/\u4e3b\u56fe-03-11-600x600.jpg",600,600,true],"woocommerce_gallery_thumbnail":["https:\/\/megatrimming.com\/wp-content\/uploads\/2022\/05\/\u4e3b\u56fe-03-11-100x100.jpg",100,100,true]},"uagb_author_info":{"display_name":"Jason Lu","author_link":"https:\/\/megatrimming.com\/fr\/author\/"},"uagb_comment_info":0,"uagb_excerpt":"Clothes luggage injection molding zipper pull rope, TPU two-color direct injection injection molding zipper puller.","_links":{"self":[{"href":"https:\/\/megatrimming.com\/fr\/wp-json\/wp\/v2\/product\/1389","targetHints":{"allow":["GET"]}}],"collection":[{"href":"https:\/\/megatrimming.com\/fr\/wp-json\/wp\/v2\/product"}],"about":[{"href":"https:\/\/megatrimming.com\/fr\/wp-json\/wp\/v2\/types\/product"}],"replies":[{"embeddable":true,"href":"https:\/\/megatrimming.com\/fr\/wp-json\/wp\/v2\/comments?post=1389"}],"wp:featuredmedia":[{"embeddable":true,"href":"https:\/\/megatrimming.com\/fr\/wp-json\/wp\/v2\/media\/1390"}],"wp:attachment":[{"href":"https:\/\/megatrimming.com\/fr\/wp-json\/wp\/v2\/media?parent=1389"}],"wp:term":[{"taxonomy":"product_brand","embeddable":true,"href":"https:\/\/megatrimming.com\/fr\/wp-json\/wp\/v2\/product_brand?post=1389"},{"taxonomy":"product_cat","embeddable":true,"href":"https:\/\/megatrimming.com\/fr\/wp-json\/wp\/v2\/product_cat?post=1389"},{"taxonomy":"product_tag","embeddable":true,"href":"https:\/\/megatrimming.com\/fr\/wp-json\/wp\/v2\/product_tag?post=1389"}],"curies":[{"name":"wp","href":"https:\/\/api.w.org\/{rel}","templated":true}]}}