{"id":1412,"date":"2022-05-30T10:45:59","date_gmt":"2022-05-30T02:45:59","guid":{"rendered":"https:\/\/megatrimming.com\/?post_type=product&#038;p=1412"},"modified":"2022-05-30T11:01:38","modified_gmt":"2022-05-30T03:01:38","slug":"silicone-data-cable-tie","status":"publish","type":"product","link":"https:\/\/megatrimming.com\/fr\/produit\/silicone-data-cable-tie\/","title":{"rendered":"Collier de serrage en silicone pour c\u00e2ble de donn\u00e9es"},"content":{"rendered":"","protected":false},"excerpt":{"rendered":"<p>Sangles universelles sur mesure en gros, serre-c\u00e2bles de donn\u00e9es, serre-c\u00e2bles en silicone.<\/p>","protected":false},"featured_media":1413,"comment_status":"open","ping_status":"closed","template":"","meta":{"_seopress_robots_primary_cat":"","_seopress_titles_title":"","_seopress_titles_desc":"","_seopress_robots_index":"","_uag_custom_page_level_css":""},"product_brand":[],"product_cat":[50],"product_tag":[95,32],"class_list":{"0":"post-1412","1":"product","2":"type-product","3":"status-publish","4":"has-post-thumbnail","6":"product_cat-other-rubber-products","7":"product_tag-data-cable-tie","8":"product_tag-silicone","10":"first","11":"instock","12":"shipping-taxable","13":"product-type-simple"},"uagb_featured_image_src":{"full":["https:\/\/megatrimming.com\/wp-content\/uploads\/2022\/05\/\u4e3b\u56fe-04-15.jpg",800,800,false],"thumbnail":["https:\/\/megatrimming.com\/wp-content\/uploads\/2022\/05\/\u4e3b\u56fe-04-15-150x150.jpg",150,150,true],"medium":["https:\/\/megatrimming.com\/wp-content\/uploads\/2022\/05\/\u4e3b\u56fe-04-15-300x300.jpg",300,300,true],"medium_large":["https:\/\/megatrimming.com\/wp-content\/uploads\/2022\/05\/\u4e3b\u56fe-04-15-768x768.jpg",768,768,true],"large":["https:\/\/megatrimming.com\/wp-content\/uploads\/2022\/05\/\u4e3b\u56fe-04-15.jpg",800,800,false],"1536x1536":["https:\/\/megatrimming.com\/wp-content\/uploads\/2022\/05\/\u4e3b\u56fe-04-15.jpg",800,800,false],"2048x2048":["https:\/\/megatrimming.com\/wp-content\/uploads\/2022\/05\/\u4e3b\u56fe-04-15.jpg",800,800,false],"trp-custom-language-flag":["https:\/\/megatrimming.com\/wp-content\/uploads\/2022\/05\/\u4e3b\u56fe-04-15.jpg",12,12,false],"woocommerce_thumbnail":["https:\/\/megatrimming.com\/wp-content\/uploads\/2022\/05\/\u4e3b\u56fe-04-15-300x300.jpg",300,300,true],"woocommerce_single":["https:\/\/megatrimming.com\/wp-content\/uploads\/2022\/05\/\u4e3b\u56fe-04-15-600x600.jpg",600,600,true],"woocommerce_gallery_thumbnail":["https:\/\/megatrimming.com\/wp-content\/uploads\/2022\/05\/\u4e3b\u56fe-04-15-100x100.jpg",100,100,true]},"uagb_author_info":{"display_name":"Jason Lu","author_link":"https:\/\/megatrimming.com\/fr\/author\/"},"uagb_comment_info":0,"uagb_excerpt":"Wholesale custom-made universal straps, data cable tie coil silicone cable ties.","_links":{"self":[{"href":"https:\/\/megatrimming.com\/fr\/wp-json\/wp\/v2\/product\/1412","targetHints":{"allow":["GET"]}}],"collection":[{"href":"https:\/\/megatrimming.com\/fr\/wp-json\/wp\/v2\/product"}],"about":[{"href":"https:\/\/megatrimming.com\/fr\/wp-json\/wp\/v2\/types\/product"}],"replies":[{"embeddable":true,"href":"https:\/\/megatrimming.com\/fr\/wp-json\/wp\/v2\/comments?post=1412"}],"wp:featuredmedia":[{"embeddable":true,"href":"https:\/\/megatrimming.com\/fr\/wp-json\/wp\/v2\/media\/1413"}],"wp:attachment":[{"href":"https:\/\/megatrimming.com\/fr\/wp-json\/wp\/v2\/media?parent=1412"}],"wp:term":[{"taxonomy":"product_brand","embeddable":true,"href":"https:\/\/megatrimming.com\/fr\/wp-json\/wp\/v2\/product_brand?post=1412"},{"taxonomy":"product_cat","embeddable":true,"href":"https:\/\/megatrimming.com\/fr\/wp-json\/wp\/v2\/product_cat?post=1412"},{"taxonomy":"product_tag","embeddable":true,"href":"https:\/\/megatrimming.com\/fr\/wp-json\/wp\/v2\/product_tag?post=1412"}],"curies":[{"name":"wp","href":"https:\/\/api.w.org\/{rel}","templated":true}]}}