{"id":1555,"date":"2022-06-20T13:31:17","date_gmt":"2022-06-20T05:31:17","guid":{"rendered":"https:\/\/megatrimming.com\/?post_type=product&#038;p=1555"},"modified":"2022-06-20T13:43:21","modified_gmt":"2022-06-20T05:43:21","slug":"pvc-zipper-rope","status":"publish","type":"product","link":"https:\/\/megatrimming.com\/fr\/produit\/pvc-zipper-rope\/","title":{"rendered":"Corde \u00e0 glissi\u00e8re en PVC"},"content":{"rendered":"","protected":false},"excerpt":{"rendered":"<p>Corde de fermeture \u00e0 glissi\u00e8re pour v\u00eatements d&#039;ext\u00e9rieur, corde de fermeture \u00e0 glissi\u00e8re en plastique PVC, tirette de fermeture \u00e0 glissi\u00e8re en silicone.<\/p>","protected":false},"featured_media":1556,"comment_status":"open","ping_status":"closed","template":"","meta":{"_seopress_robots_primary_cat":"","_seopress_titles_title":"","_seopress_titles_desc":"","_seopress_robots_index":"","_uag_custom_page_level_css":""},"product_brand":[],"product_cat":[51],"product_tag":[53,38],"class_list":{"0":"post-1555","1":"product","2":"type-product","3":"status-publish","4":"has-post-thumbnail","6":"product_cat-pvc-zipper-puller","7":"product_tag-pvc","8":"product_tag-zipper-puller","10":"first","11":"instock","12":"shipping-taxable","13":"product-type-simple"},"uagb_featured_image_src":{"full":["https:\/\/megatrimming.com\/wp-content\/uploads\/2022\/06\/\u4e3b\u56fe-03-13.jpg",800,800,false],"thumbnail":["https:\/\/megatrimming.com\/wp-content\/uploads\/2022\/06\/\u4e3b\u56fe-03-13-150x150.jpg",150,150,true],"medium":["https:\/\/megatrimming.com\/wp-content\/uploads\/2022\/06\/\u4e3b\u56fe-03-13-300x300.jpg",300,300,true],"medium_large":["https:\/\/megatrimming.com\/wp-content\/uploads\/2022\/06\/\u4e3b\u56fe-03-13-768x768.jpg",768,768,true],"large":["https:\/\/megatrimming.com\/wp-content\/uploads\/2022\/06\/\u4e3b\u56fe-03-13.jpg",800,800,false],"1536x1536":["https:\/\/megatrimming.com\/wp-content\/uploads\/2022\/06\/\u4e3b\u56fe-03-13.jpg",800,800,false],"2048x2048":["https:\/\/megatrimming.com\/wp-content\/uploads\/2022\/06\/\u4e3b\u56fe-03-13.jpg",800,800,false],"trp-custom-language-flag":["https:\/\/megatrimming.com\/wp-content\/uploads\/2022\/06\/\u4e3b\u56fe-03-13.jpg",12,12,false],"woocommerce_thumbnail":["https:\/\/megatrimming.com\/wp-content\/uploads\/2022\/06\/\u4e3b\u56fe-03-13-300x300.jpg",300,300,true],"woocommerce_single":["https:\/\/megatrimming.com\/wp-content\/uploads\/2022\/06\/\u4e3b\u56fe-03-13-600x600.jpg",600,600,true],"woocommerce_gallery_thumbnail":["https:\/\/megatrimming.com\/wp-content\/uploads\/2022\/06\/\u4e3b\u56fe-03-13-100x100.jpg",100,100,true]},"uagb_author_info":{"display_name":"Jason Lu","author_link":"https:\/\/megatrimming.com\/fr\/author\/"},"uagb_comment_info":0,"uagb_excerpt":"Outdoor clothing luggage zipper rope PVC drop plastic zipper rope Silicone zipper puller.","_links":{"self":[{"href":"https:\/\/megatrimming.com\/fr\/wp-json\/wp\/v2\/product\/1555","targetHints":{"allow":["GET"]}}],"collection":[{"href":"https:\/\/megatrimming.com\/fr\/wp-json\/wp\/v2\/product"}],"about":[{"href":"https:\/\/megatrimming.com\/fr\/wp-json\/wp\/v2\/types\/product"}],"replies":[{"embeddable":true,"href":"https:\/\/megatrimming.com\/fr\/wp-json\/wp\/v2\/comments?post=1555"}],"wp:featuredmedia":[{"embeddable":true,"href":"https:\/\/megatrimming.com\/fr\/wp-json\/wp\/v2\/media\/1556"}],"wp:attachment":[{"href":"https:\/\/megatrimming.com\/fr\/wp-json\/wp\/v2\/media?parent=1555"}],"wp:term":[{"taxonomy":"product_brand","embeddable":true,"href":"https:\/\/megatrimming.com\/fr\/wp-json\/wp\/v2\/product_brand?post=1555"},{"taxonomy":"product_cat","embeddable":true,"href":"https:\/\/megatrimming.com\/fr\/wp-json\/wp\/v2\/product_cat?post=1555"},{"taxonomy":"product_tag","embeddable":true,"href":"https:\/\/megatrimming.com\/fr\/wp-json\/wp\/v2\/product_tag?post=1555"}],"curies":[{"name":"wp","href":"https:\/\/api.w.org\/{rel}","templated":true}]}}