{"id":1705,"date":"2022-09-08T10:13:31","date_gmt":"2022-09-08T02:13:31","guid":{"rendered":"https:\/\/megatrimming.com\/?post_type=product&#038;p=1705"},"modified":"2022-09-08T10:20:59","modified_gmt":"2022-09-08T02:20:59","slug":"in-stock-fast-dispatch-any-color-3d-heat-transfer-silicone-label-made-embossed-logo-pvc-rubber-patch-for-clothing-bag","status":"publish","type":"product","link":"https:\/\/megatrimming.com\/fr\/produit\/in-stock-fast-dispatch-any-color-3d-heat-transfer-silicone-label-made-embossed-logo-pvc-rubber-patch-for-clothing-bag\/","title":{"rendered":"En stock Exp\u00e9dition rapide N&#039;importe quelle couleur \u00c9tiquette en silicone \u00e0 transfert thermique 3D avec logo en relief Patch en caoutchouc PVC pour v\u00eatements\/sacs"},"content":{"rendered":"","protected":false},"excerpt":{"rendered":"<p>Les fabricants con\u00e7oivent et produisent des \u00e9tiquettes souples en PVC et des accessoires vestimentaires personnalis\u00e9s.<\/p>","protected":false},"featured_media":1715,"comment_status":"open","ping_status":"closed","template":"","meta":{"_seopress_robots_primary_cat":"","_seopress_titles_title":"","_seopress_titles_desc":"","_seopress_robots_index":"","_uag_custom_page_level_css":""},"product_brand":[],"product_cat":[40,28],"product_tag":[92],"class_list":{"0":"post-1705","1":"product","2":"type-product","3":"status-publish","4":"has-post-thumbnail","6":"product_cat-rubber-label","7":"product_cat-pvc-label","8":"product_tag-pvc-label","10":"first","11":"instock","12":"shipping-taxable","13":"product-type-simple"},"uagb_featured_image_src":{"full":["https:\/\/megatrimming.com\/wp-content\/uploads\/2022\/09\/\u4e3b\u56fe-02-1.jpg",750,750,false],"thumbnail":["https:\/\/megatrimming.com\/wp-content\/uploads\/2022\/09\/\u4e3b\u56fe-02-1-150x150.jpg",150,150,true],"medium":["https:\/\/megatrimming.com\/wp-content\/uploads\/2022\/09\/\u4e3b\u56fe-02-1-300x300.jpg",300,300,true],"medium_large":["https:\/\/megatrimming.com\/wp-content\/uploads\/2022\/09\/\u4e3b\u56fe-02-1.jpg",750,750,false],"large":["https:\/\/megatrimming.com\/wp-content\/uploads\/2022\/09\/\u4e3b\u56fe-02-1.jpg",750,750,false],"1536x1536":["https:\/\/megatrimming.com\/wp-content\/uploads\/2022\/09\/\u4e3b\u56fe-02-1.jpg",750,750,false],"2048x2048":["https:\/\/megatrimming.com\/wp-content\/uploads\/2022\/09\/\u4e3b\u56fe-02-1.jpg",750,750,false],"trp-custom-language-flag":["https:\/\/megatrimming.com\/wp-content\/uploads\/2022\/09\/\u4e3b\u56fe-02-1.jpg",12,12,false],"woocommerce_thumbnail":["https:\/\/megatrimming.com\/wp-content\/uploads\/2022\/09\/\u4e3b\u56fe-02-1-300x300.jpg",300,300,true],"woocommerce_single":["https:\/\/megatrimming.com\/wp-content\/uploads\/2022\/09\/\u4e3b\u56fe-02-1-600x600.jpg",600,600,true],"woocommerce_gallery_thumbnail":["https:\/\/megatrimming.com\/wp-content\/uploads\/2022\/09\/\u4e3b\u56fe-02-1-100x100.jpg",100,100,true]},"uagb_author_info":{"display_name":"Jason Lu","author_link":"https:\/\/megatrimming.com\/fr\/author\/"},"uagb_comment_info":0,"uagb_excerpt":"Manufacturers design and produce PVC soft labels, custom clothing accessories.","_links":{"self":[{"href":"https:\/\/megatrimming.com\/fr\/wp-json\/wp\/v2\/product\/1705","targetHints":{"allow":["GET"]}}],"collection":[{"href":"https:\/\/megatrimming.com\/fr\/wp-json\/wp\/v2\/product"}],"about":[{"href":"https:\/\/megatrimming.com\/fr\/wp-json\/wp\/v2\/types\/product"}],"replies":[{"embeddable":true,"href":"https:\/\/megatrimming.com\/fr\/wp-json\/wp\/v2\/comments?post=1705"}],"wp:featuredmedia":[{"embeddable":true,"href":"https:\/\/megatrimming.com\/fr\/wp-json\/wp\/v2\/media\/1715"}],"wp:attachment":[{"href":"https:\/\/megatrimming.com\/fr\/wp-json\/wp\/v2\/media?parent=1705"}],"wp:term":[{"taxonomy":"product_brand","embeddable":true,"href":"https:\/\/megatrimming.com\/fr\/wp-json\/wp\/v2\/product_brand?post=1705"},{"taxonomy":"product_cat","embeddable":true,"href":"https:\/\/megatrimming.com\/fr\/wp-json\/wp\/v2\/product_cat?post=1705"},{"taxonomy":"product_tag","embeddable":true,"href":"https:\/\/megatrimming.com\/fr\/wp-json\/wp\/v2\/product_tag?post=1705"}],"curies":[{"name":"wp","href":"https:\/\/api.w.org\/{rel}","templated":true}]}}