{"id":2059,"date":"2022-10-11T15:03:27","date_gmt":"2022-10-11T07:03:27","guid":{"rendered":"https:\/\/megatrimming.com\/?post_type=product&#038;p=2059"},"modified":"2022-10-11T15:07:08","modified_gmt":"2022-10-11T07:07:08","slug":"diy-own-logo-custom-patch-t-shirts-clothing-private-rubber-silicon-pvc-label","status":"publish","type":"product","link":"https:\/\/megatrimming.com\/fr\/produit\/diy-own-logo-custom-patch-t-shirts-clothing-private-rubber-silicon-pvc-label\/","title":{"rendered":"\u00c9tiquette personnalis\u00e9e en caoutchouc et silicone PVC pour t-shirts et v\u00eatements"},"content":{"rendered":"","protected":false},"excerpt":{"rendered":"","protected":false},"featured_media":2061,"comment_status":"open","ping_status":"closed","template":"","meta":{"_seopress_robots_primary_cat":"none","_seopress_titles_title":"","_seopress_titles_desc":"","_seopress_robots_index":"","_uag_custom_page_level_css":""},"product_brand":[],"product_cat":[40,28],"product_tag":[92],"class_list":{"0":"post-2059","1":"product","2":"type-product","3":"status-publish","4":"has-post-thumbnail","6":"product_cat-rubber-label","7":"product_cat-pvc-label","8":"product_tag-pvc-label","10":"first","11":"instock","12":"shipping-taxable","13":"product-type-simple"},"uagb_featured_image_src":{"full":["https:\/\/megatrimming.com\/wp-content\/uploads\/2022\/10\/Main-04-1-1.png",1000,1000,false],"thumbnail":["https:\/\/megatrimming.com\/wp-content\/uploads\/2022\/10\/Main-04-1-1-150x150.png",150,150,true],"medium":["https:\/\/megatrimming.com\/wp-content\/uploads\/2022\/10\/Main-04-1-1-300x300.png",300,300,true],"medium_large":["https:\/\/megatrimming.com\/wp-content\/uploads\/2022\/10\/Main-04-1-1-768x768.png",768,768,true],"large":["https:\/\/megatrimming.com\/wp-content\/uploads\/2022\/10\/Main-04-1-1.png",800,800,false],"1536x1536":["https:\/\/megatrimming.com\/wp-content\/uploads\/2022\/10\/Main-04-1-1.png",1000,1000,false],"2048x2048":["https:\/\/megatrimming.com\/wp-content\/uploads\/2022\/10\/Main-04-1-1.png",1000,1000,false],"trp-custom-language-flag":["https:\/\/megatrimming.com\/wp-content\/uploads\/2022\/10\/Main-04-1-1.png",12,12,false],"woocommerce_thumbnail":["https:\/\/megatrimming.com\/wp-content\/uploads\/2022\/10\/Main-04-1-1-300x300.png",300,300,true],"woocommerce_single":["https:\/\/megatrimming.com\/wp-content\/uploads\/2022\/10\/Main-04-1-1-600x600.png",600,600,true],"woocommerce_gallery_thumbnail":["https:\/\/megatrimming.com\/wp-content\/uploads\/2022\/10\/Main-04-1-1-100x100.png",100,100,true]},"uagb_author_info":{"display_name":"Jason Lu","author_link":"https:\/\/megatrimming.com\/fr\/author\/"},"uagb_comment_info":0,"uagb_excerpt":null,"_links":{"self":[{"href":"https:\/\/megatrimming.com\/fr\/wp-json\/wp\/v2\/product\/2059","targetHints":{"allow":["GET"]}}],"collection":[{"href":"https:\/\/megatrimming.com\/fr\/wp-json\/wp\/v2\/product"}],"about":[{"href":"https:\/\/megatrimming.com\/fr\/wp-json\/wp\/v2\/types\/product"}],"replies":[{"embeddable":true,"href":"https:\/\/megatrimming.com\/fr\/wp-json\/wp\/v2\/comments?post=2059"}],"wp:featuredmedia":[{"embeddable":true,"href":"https:\/\/megatrimming.com\/fr\/wp-json\/wp\/v2\/media\/2061"}],"wp:attachment":[{"href":"https:\/\/megatrimming.com\/fr\/wp-json\/wp\/v2\/media?parent=2059"}],"wp:term":[{"taxonomy":"product_brand","embeddable":true,"href":"https:\/\/megatrimming.com\/fr\/wp-json\/wp\/v2\/product_brand?post=2059"},{"taxonomy":"product_cat","embeddable":true,"href":"https:\/\/megatrimming.com\/fr\/wp-json\/wp\/v2\/product_cat?post=2059"},{"taxonomy":"product_tag","embeddable":true,"href":"https:\/\/megatrimming.com\/fr\/wp-json\/wp\/v2\/product_tag?post=2059"}],"curies":[{"name":"wp","href":"https:\/\/api.w.org\/{rel}","templated":true}]}}