{"id":2066,"date":"2022-10-11T15:07:38","date_gmt":"2022-10-11T07:07:38","guid":{"rendered":"https:\/\/megatrimming.com\/?post_type=product&#038;p=2066"},"modified":"2022-10-11T15:15:53","modified_gmt":"2022-10-11T07:15:53","slug":"high-grade-unique-design-round-recycled-badge-transparent-logo-silicone-garment-labels-with-hole","status":"publish","type":"product","link":"https:\/\/megatrimming.com\/fr\/produit\/high-grade-unique-design-round-recycled-badge-transparent-logo-silicone-garment-labels-with-hole\/","title":{"rendered":"\u00c9tiquettes de v\u00eatements en silicone avec logo transparent et trou, badge rond recycl\u00e9 de haute qualit\u00e9 au design unique"},"content":{"rendered":"","protected":false},"excerpt":{"rendered":"","protected":false},"featured_media":2084,"comment_status":"open","ping_status":"closed","template":"","meta":{"_seopress_robots_primary_cat":"none","_seopress_titles_title":"","_seopress_titles_desc":"","_seopress_robots_index":"","_uag_custom_page_level_css":""},"product_brand":[],"product_cat":[40,28],"product_tag":[92],"class_list":{"0":"post-2066","1":"product","2":"type-product","3":"status-publish","4":"has-post-thumbnail","6":"product_cat-rubber-label","7":"product_cat-pvc-label","8":"product_tag-pvc-label","10":"first","11":"instock","12":"shipping-taxable","13":"product-type-simple"},"uagb_featured_image_src":{"full":["https:\/\/megatrimming.com\/wp-content\/uploads\/2022\/10\/Main-01-2.png",1000,1000,false],"thumbnail":["https:\/\/megatrimming.com\/wp-content\/uploads\/2022\/10\/Main-01-2-150x150.png",150,150,true],"medium":["https:\/\/megatrimming.com\/wp-content\/uploads\/2022\/10\/Main-01-2-300x300.png",300,300,true],"medium_large":["https:\/\/megatrimming.com\/wp-content\/uploads\/2022\/10\/Main-01-2-768x768.png",768,768,true],"large":["https:\/\/megatrimming.com\/wp-content\/uploads\/2022\/10\/Main-01-2.png",800,800,false],"1536x1536":["https:\/\/megatrimming.com\/wp-content\/uploads\/2022\/10\/Main-01-2.png",1000,1000,false],"2048x2048":["https:\/\/megatrimming.com\/wp-content\/uploads\/2022\/10\/Main-01-2.png",1000,1000,false],"trp-custom-language-flag":["https:\/\/megatrimming.com\/wp-content\/uploads\/2022\/10\/Main-01-2.png",12,12,false],"woocommerce_thumbnail":["https:\/\/megatrimming.com\/wp-content\/uploads\/2022\/10\/Main-01-2-300x300.png",300,300,true],"woocommerce_single":["https:\/\/megatrimming.com\/wp-content\/uploads\/2022\/10\/Main-01-2-600x600.png",600,600,true],"woocommerce_gallery_thumbnail":["https:\/\/megatrimming.com\/wp-content\/uploads\/2022\/10\/Main-01-2-100x100.png",100,100,true]},"uagb_author_info":{"display_name":"Jason Lu","author_link":"https:\/\/megatrimming.com\/fr\/author\/"},"uagb_comment_info":0,"uagb_excerpt":null,"_links":{"self":[{"href":"https:\/\/megatrimming.com\/fr\/wp-json\/wp\/v2\/product\/2066","targetHints":{"allow":["GET"]}}],"collection":[{"href":"https:\/\/megatrimming.com\/fr\/wp-json\/wp\/v2\/product"}],"about":[{"href":"https:\/\/megatrimming.com\/fr\/wp-json\/wp\/v2\/types\/product"}],"replies":[{"embeddable":true,"href":"https:\/\/megatrimming.com\/fr\/wp-json\/wp\/v2\/comments?post=2066"}],"wp:featuredmedia":[{"embeddable":true,"href":"https:\/\/megatrimming.com\/fr\/wp-json\/wp\/v2\/media\/2084"}],"wp:attachment":[{"href":"https:\/\/megatrimming.com\/fr\/wp-json\/wp\/v2\/media?parent=2066"}],"wp:term":[{"taxonomy":"product_brand","embeddable":true,"href":"https:\/\/megatrimming.com\/fr\/wp-json\/wp\/v2\/product_brand?post=2066"},{"taxonomy":"product_cat","embeddable":true,"href":"https:\/\/megatrimming.com\/fr\/wp-json\/wp\/v2\/product_cat?post=2066"},{"taxonomy":"product_tag","embeddable":true,"href":"https:\/\/megatrimming.com\/fr\/wp-json\/wp\/v2\/product_tag?post=2066"}],"curies":[{"name":"wp","href":"https:\/\/api.w.org\/{rel}","templated":true}]}}