{"id":2202,"date":"2022-10-19T11:35:25","date_gmt":"2022-10-19T03:35:25","guid":{"rendered":"https:\/\/megatrimming.com\/?post_type=product&#038;p=2202"},"modified":"2022-10-19T11:51:22","modified_gmt":"2022-10-19T03:51:22","slug":"custom-hot-air-balloon-design-rubber-fridge-magnet-pvc-fridge-magnet","status":"publish","type":"product","link":"https:\/\/megatrimming.com\/fr\/produit\/custom-hot-air-balloon-design-rubber-fridge-magnet-pvc-fridge-magnet\/","title":{"rendered":"Aimant de r\u00e9frig\u00e9rateur en caoutchouc personnalis\u00e9 avec motif de montgolfi\u00e8re Aimant de r\u00e9frig\u00e9rateur en PVC"},"content":{"rendered":"","protected":false},"excerpt":{"rendered":"","protected":false},"featured_media":2227,"comment_status":"open","ping_status":"closed","template":"","meta":{"_seopress_robots_primary_cat":"none","_seopress_titles_title":"","_seopress_titles_desc":"","_seopress_robots_index":"","_uag_custom_page_level_css":""},"product_brand":[],"product_cat":[40,28],"product_tag":[92],"class_list":{"0":"post-2202","1":"product","2":"type-product","3":"status-publish","4":"has-post-thumbnail","6":"product_cat-rubber-label","7":"product_cat-pvc-label","8":"product_tag-pvc-label","10":"first","11":"instock","12":"shipping-taxable","13":"product-type-simple"},"uagb_featured_image_src":{"full":["https:\/\/megatrimming.com\/wp-content\/uploads\/2022\/10\/Main-07-18-scaled.jpg",2560,2560,false],"thumbnail":["https:\/\/megatrimming.com\/wp-content\/uploads\/2022\/10\/Main-07-18-150x150.jpg",150,150,true],"medium":["https:\/\/megatrimming.com\/wp-content\/uploads\/2022\/10\/Main-07-18-300x300.jpg",300,300,true],"medium_large":["https:\/\/megatrimming.com\/wp-content\/uploads\/2022\/10\/Main-07-18-768x768.jpg",768,768,true],"large":["https:\/\/megatrimming.com\/wp-content\/uploads\/2022\/10\/Main-07-18-1024x1024.jpg",800,800,true],"1536x1536":["https:\/\/megatrimming.com\/wp-content\/uploads\/2022\/10\/Main-07-18-1536x1536.jpg",1536,1536,true],"2048x2048":["https:\/\/megatrimming.com\/wp-content\/uploads\/2022\/10\/Main-07-18-2048x2048.jpg",2048,2048,true],"trp-custom-language-flag":["https:\/\/megatrimming.com\/wp-content\/uploads\/2022\/10\/Main-07-18-scaled.jpg",12,12,false],"woocommerce_thumbnail":["https:\/\/megatrimming.com\/wp-content\/uploads\/2022\/10\/Main-07-18-300x300.jpg",300,300,true],"woocommerce_single":["https:\/\/megatrimming.com\/wp-content\/uploads\/2022\/10\/Main-07-18-600x600.jpg",600,600,true],"woocommerce_gallery_thumbnail":["https:\/\/megatrimming.com\/wp-content\/uploads\/2022\/10\/Main-07-18-100x100.jpg",100,100,true]},"uagb_author_info":{"display_name":"Jason Lu","author_link":"https:\/\/megatrimming.com\/fr\/author\/"},"uagb_comment_info":0,"uagb_excerpt":null,"_links":{"self":[{"href":"https:\/\/megatrimming.com\/fr\/wp-json\/wp\/v2\/product\/2202","targetHints":{"allow":["GET"]}}],"collection":[{"href":"https:\/\/megatrimming.com\/fr\/wp-json\/wp\/v2\/product"}],"about":[{"href":"https:\/\/megatrimming.com\/fr\/wp-json\/wp\/v2\/types\/product"}],"replies":[{"embeddable":true,"href":"https:\/\/megatrimming.com\/fr\/wp-json\/wp\/v2\/comments?post=2202"}],"wp:featuredmedia":[{"embeddable":true,"href":"https:\/\/megatrimming.com\/fr\/wp-json\/wp\/v2\/media\/2227"}],"wp:attachment":[{"href":"https:\/\/megatrimming.com\/fr\/wp-json\/wp\/v2\/media?parent=2202"}],"wp:term":[{"taxonomy":"product_brand","embeddable":true,"href":"https:\/\/megatrimming.com\/fr\/wp-json\/wp\/v2\/product_brand?post=2202"},{"taxonomy":"product_cat","embeddable":true,"href":"https:\/\/megatrimming.com\/fr\/wp-json\/wp\/v2\/product_cat?post=2202"},{"taxonomy":"product_tag","embeddable":true,"href":"https:\/\/megatrimming.com\/fr\/wp-json\/wp\/v2\/product_tag?post=2202"}],"curies":[{"name":"wp","href":"https:\/\/api.w.org\/{rel}","templated":true}]}}