{"id":2451,"date":"2022-11-03T15:31:11","date_gmt":"2022-11-03T07:31:11","guid":{"rendered":"https:\/\/megatrimming.com\/?post_type=product&#038;p=2451"},"modified":"2022-11-03T15:32:34","modified_gmt":"2022-11-03T07:32:34","slug":"luggage-tag-heat-transfer-animal-rubber-patch-eco-friendly-soft-pvc-3d-embossed-silicone-brand-logo-custom-for-clothing-bag","status":"publish","type":"product","link":"https:\/\/megatrimming.com\/fr\/produit\/luggage-tag-heat-transfer-animal-rubber-patch-eco-friendly-soft-pvc-3d-embossed-silicone-brand-logo-custom-for-clothing-bag\/","title":{"rendered":"\u00c9tiquette de bagage en caoutchouc animal \u00e0 transfert thermique, PVC souple respectueux de l&#039;environnement, logo de marque en silicone gaufr\u00e9 3D personnalis\u00e9 pour sac \u00e0 v\u00eatements"},"content":{"rendered":"","protected":false},"excerpt":{"rendered":"<p>\u00c9tiquette de bagage en caoutchouc animal \u00e0 transfert thermique, PVC souple respectueux de l&#039;environnement, logo de marque en silicone gaufr\u00e9 3D personnalis\u00e9 pour sac \u00e0 v\u00eatements<\/p>","protected":false},"featured_media":2461,"comment_status":"open","ping_status":"closed","template":"","meta":{"_seopress_robots_primary_cat":"none","_seopress_titles_title":"","_seopress_titles_desc":"","_seopress_robots_index":"","_uag_custom_page_level_css":""},"product_brand":[],"product_cat":[40,28],"product_tag":[92],"class_list":{"0":"post-2451","1":"product","2":"type-product","3":"status-publish","4":"has-post-thumbnail","6":"product_cat-rubber-label","7":"product_cat-pvc-label","8":"product_tag-pvc-label","10":"first","11":"instock","12":"shipping-taxable","13":"product-type-simple"},"uagb_featured_image_src":{"full":["https:\/\/megatrimming.com\/wp-content\/uploads\/2022\/11\/Main-02.jpg",750,750,false],"thumbnail":["https:\/\/megatrimming.com\/wp-content\/uploads\/2022\/11\/Main-02-150x150.jpg",150,150,true],"medium":["https:\/\/megatrimming.com\/wp-content\/uploads\/2022\/11\/Main-02-300x300.jpg",300,300,true],"medium_large":["https:\/\/megatrimming.com\/wp-content\/uploads\/2022\/11\/Main-02.jpg",750,750,false],"large":["https:\/\/megatrimming.com\/wp-content\/uploads\/2022\/11\/Main-02.jpg",750,750,false],"1536x1536":["https:\/\/megatrimming.com\/wp-content\/uploads\/2022\/11\/Main-02.jpg",750,750,false],"2048x2048":["https:\/\/megatrimming.com\/wp-content\/uploads\/2022\/11\/Main-02.jpg",750,750,false],"trp-custom-language-flag":["https:\/\/megatrimming.com\/wp-content\/uploads\/2022\/11\/Main-02.jpg",12,12,false],"woocommerce_thumbnail":["https:\/\/megatrimming.com\/wp-content\/uploads\/2022\/11\/Main-02-300x300.jpg",300,300,true],"woocommerce_single":["https:\/\/megatrimming.com\/wp-content\/uploads\/2022\/11\/Main-02-600x600.jpg",600,600,true],"woocommerce_gallery_thumbnail":["https:\/\/megatrimming.com\/wp-content\/uploads\/2022\/11\/Main-02-100x100.jpg",100,100,true]},"uagb_author_info":{"display_name":"Jason Lu","author_link":"https:\/\/megatrimming.com\/fr\/author\/"},"uagb_comment_info":0,"uagb_excerpt":"Luggage Tag Heat transfer Animal Rubber Patch Eco-Friendly Soft PVC 3D Embossed Silicone Brand Logo Custom For Clothing Bag","_links":{"self":[{"href":"https:\/\/megatrimming.com\/fr\/wp-json\/wp\/v2\/product\/2451","targetHints":{"allow":["GET"]}}],"collection":[{"href":"https:\/\/megatrimming.com\/fr\/wp-json\/wp\/v2\/product"}],"about":[{"href":"https:\/\/megatrimming.com\/fr\/wp-json\/wp\/v2\/types\/product"}],"replies":[{"embeddable":true,"href":"https:\/\/megatrimming.com\/fr\/wp-json\/wp\/v2\/comments?post=2451"}],"wp:featuredmedia":[{"embeddable":true,"href":"https:\/\/megatrimming.com\/fr\/wp-json\/wp\/v2\/media\/2461"}],"wp:attachment":[{"href":"https:\/\/megatrimming.com\/fr\/wp-json\/wp\/v2\/media?parent=2451"}],"wp:term":[{"taxonomy":"product_brand","embeddable":true,"href":"https:\/\/megatrimming.com\/fr\/wp-json\/wp\/v2\/product_brand?post=2451"},{"taxonomy":"product_cat","embeddable":true,"href":"https:\/\/megatrimming.com\/fr\/wp-json\/wp\/v2\/product_cat?post=2451"},{"taxonomy":"product_tag","embeddable":true,"href":"https:\/\/megatrimming.com\/fr\/wp-json\/wp\/v2\/product_tag?post=2451"}],"curies":[{"name":"wp","href":"https:\/\/api.w.org\/{rel}","templated":true}]}}