{"id":2496,"date":"2022-11-07T16:12:28","date_gmt":"2022-11-07T08:12:28","guid":{"rendered":"https:\/\/megatrimming.com\/?post_type=product&#038;p=2496"},"modified":"2022-11-07T16:20:13","modified_gmt":"2022-11-07T08:20:13","slug":"pvc-soft-rubber-bump-hookloop-badge-lightning-tactical-patches-fulmination-logo-patch-outdoor-bag-backpack-accessories-stickers","status":"publish","type":"product","link":"https:\/\/megatrimming.com\/fr\/produit\/pvc-soft-rubber-bump-hookloop-badge-lightning-tactical-patches-fulmination-logo-patch-outdoor-bag-backpack-accessories-stickers\/","title":{"rendered":"Patchs tactiques \u00e9clair en PVC souple avec crochet et boucle, patch avec logo Fulmination, accessoires pour sac \u00e0 dos d&#039;ext\u00e9rieur, autocollants"},"content":{"rendered":"","protected":false},"excerpt":{"rendered":"<div class=\"product-title\">\n<h1 class=\"product-title-text\" data-spm-anchor-id=\"a2g0o.detail.1000016.i2.163213fbKLNOHL\">Patchs tactiques \u00e9clair en PVC souple avec crochet et boucle, patch avec logo Fulmination, accessoires pour sac \u00e0 dos d&#039;ext\u00e9rieur, autocollants<\/h1>\n<\/div>","protected":false},"featured_media":2527,"comment_status":"open","ping_status":"closed","template":"","meta":{"_seopress_robots_primary_cat":"none","_seopress_titles_title":"","_seopress_titles_desc":"","_seopress_robots_index":"","_uag_custom_page_level_css":""},"product_brand":[],"product_cat":[40,28],"product_tag":[92],"class_list":{"0":"post-2496","1":"product","2":"type-product","3":"status-publish","4":"has-post-thumbnail","6":"product_cat-rubber-label","7":"product_cat-pvc-label","8":"product_tag-pvc-label","10":"first","11":"instock","12":"shipping-taxable","13":"product-type-simple"},"uagb_featured_image_src":{"full":["https:\/\/megatrimming.com\/wp-content\/uploads\/2022\/11\/\u4e3b\u56feMain-02-4-1.jpg",800,800,false],"thumbnail":["https:\/\/megatrimming.com\/wp-content\/uploads\/2022\/11\/\u4e3b\u56feMain-02-4-1-150x150.jpg",150,150,true],"medium":["https:\/\/megatrimming.com\/wp-content\/uploads\/2022\/11\/\u4e3b\u56feMain-02-4-1-300x300.jpg",300,300,true],"medium_large":["https:\/\/megatrimming.com\/wp-content\/uploads\/2022\/11\/\u4e3b\u56feMain-02-4-1-768x768.jpg",768,768,true],"large":["https:\/\/megatrimming.com\/wp-content\/uploads\/2022\/11\/\u4e3b\u56feMain-02-4-1.jpg",800,800,false],"1536x1536":["https:\/\/megatrimming.com\/wp-content\/uploads\/2022\/11\/\u4e3b\u56feMain-02-4-1.jpg",800,800,false],"2048x2048":["https:\/\/megatrimming.com\/wp-content\/uploads\/2022\/11\/\u4e3b\u56feMain-02-4-1.jpg",800,800,false],"trp-custom-language-flag":["https:\/\/megatrimming.com\/wp-content\/uploads\/2022\/11\/\u4e3b\u56feMain-02-4-1.jpg",12,12,false],"woocommerce_thumbnail":["https:\/\/megatrimming.com\/wp-content\/uploads\/2022\/11\/\u4e3b\u56feMain-02-4-1-300x300.jpg",300,300,true],"woocommerce_single":["https:\/\/megatrimming.com\/wp-content\/uploads\/2022\/11\/\u4e3b\u56feMain-02-4-1-600x600.jpg",600,600,true],"woocommerce_gallery_thumbnail":["https:\/\/megatrimming.com\/wp-content\/uploads\/2022\/11\/\u4e3b\u56feMain-02-4-1-100x100.jpg",100,100,true]},"uagb_author_info":{"display_name":"Jason Lu","author_link":"https:\/\/megatrimming.com\/fr\/author\/"},"uagb_comment_info":0,"uagb_excerpt":"PVC Soft Rubber Bump Hook&amp;Loop Badge Lightning Tactical Patches Fulmination Logo Patch Outdoor Bag Backpack Accessories Stickers","_links":{"self":[{"href":"https:\/\/megatrimming.com\/fr\/wp-json\/wp\/v2\/product\/2496","targetHints":{"allow":["GET"]}}],"collection":[{"href":"https:\/\/megatrimming.com\/fr\/wp-json\/wp\/v2\/product"}],"about":[{"href":"https:\/\/megatrimming.com\/fr\/wp-json\/wp\/v2\/types\/product"}],"replies":[{"embeddable":true,"href":"https:\/\/megatrimming.com\/fr\/wp-json\/wp\/v2\/comments?post=2496"}],"wp:featuredmedia":[{"embeddable":true,"href":"https:\/\/megatrimming.com\/fr\/wp-json\/wp\/v2\/media\/2527"}],"wp:attachment":[{"href":"https:\/\/megatrimming.com\/fr\/wp-json\/wp\/v2\/media?parent=2496"}],"wp:term":[{"taxonomy":"product_brand","embeddable":true,"href":"https:\/\/megatrimming.com\/fr\/wp-json\/wp\/v2\/product_brand?post=2496"},{"taxonomy":"product_cat","embeddable":true,"href":"https:\/\/megatrimming.com\/fr\/wp-json\/wp\/v2\/product_cat?post=2496"},{"taxonomy":"product_tag","embeddable":true,"href":"https:\/\/megatrimming.com\/fr\/wp-json\/wp\/v2\/product_tag?post=2496"}],"curies":[{"name":"wp","href":"https:\/\/api.w.org\/{rel}","templated":true}]}}