{"id":2725,"date":"2022-12-20T15:01:34","date_gmt":"2022-12-20T07:01:34","guid":{"rendered":"https:\/\/megatrimming.com\/?post_type=product&#038;p=2725"},"modified":"2022-12-20T15:09:28","modified_gmt":"2022-12-20T07:09:28","slug":"3d-logo-garment-soft-pvc-rubber","status":"publish","type":"product","link":"https:\/\/megatrimming.com\/fr\/produit\/3d-logo-garment-soft-pvc-rubber\/","title":{"rendered":"Logo 3D pour v\u00eatement en caoutchouc PVC souple"},"content":{"rendered":"","protected":false},"excerpt":{"rendered":"<div class=\"product-title\">\n<h6 data-spm-anchor-id=\"a2700.wholesale.0.i8.21e936d8WJ6lor\">\u00c9tiquettes en caoutchouc PVC souple pour v\u00eatements avec logo 3D en relief et nom de marque priv\u00e9e personnalis\u00e9es \u00e0 coudre<\/h6>\n<\/div>","protected":false},"featured_media":2747,"comment_status":"open","ping_status":"closed","template":"","meta":{"_seopress_robots_primary_cat":"none","_seopress_titles_title":"","_seopress_titles_desc":"","_seopress_robots_index":"","_uag_custom_page_level_css":""},"product_brand":[],"product_cat":[40,28],"product_tag":[92],"class_list":{"0":"post-2725","1":"product","2":"type-product","3":"status-publish","4":"has-post-thumbnail","6":"product_cat-rubber-label","7":"product_cat-pvc-label","8":"product_tag-pvc-label","10":"first","11":"instock","12":"shipping-taxable","13":"product-type-simple"},"uagb_featured_image_src":{"full":["https:\/\/megatrimming.com\/wp-content\/uploads\/2022\/12\/Main-02-3-4.jpg",800,800,false],"thumbnail":["https:\/\/megatrimming.com\/wp-content\/uploads\/2022\/12\/Main-02-3-4-150x150.jpg",150,150,true],"medium":["https:\/\/megatrimming.com\/wp-content\/uploads\/2022\/12\/Main-02-3-4-300x300.jpg",300,300,true],"medium_large":["https:\/\/megatrimming.com\/wp-content\/uploads\/2022\/12\/Main-02-3-4-768x768.jpg",768,768,true],"large":["https:\/\/megatrimming.com\/wp-content\/uploads\/2022\/12\/Main-02-3-4.jpg",800,800,false],"1536x1536":["https:\/\/megatrimming.com\/wp-content\/uploads\/2022\/12\/Main-02-3-4.jpg",800,800,false],"2048x2048":["https:\/\/megatrimming.com\/wp-content\/uploads\/2022\/12\/Main-02-3-4.jpg",800,800,false],"trp-custom-language-flag":["https:\/\/megatrimming.com\/wp-content\/uploads\/2022\/12\/Main-02-3-4.jpg",12,12,false],"woocommerce_thumbnail":["https:\/\/megatrimming.com\/wp-content\/uploads\/2022\/12\/Main-02-3-4-300x300.jpg",300,300,true],"woocommerce_single":["https:\/\/megatrimming.com\/wp-content\/uploads\/2022\/12\/Main-02-3-4-600x600.jpg",600,600,true],"woocommerce_gallery_thumbnail":["https:\/\/megatrimming.com\/wp-content\/uploads\/2022\/12\/Main-02-3-4-100x100.jpg",100,100,true]},"uagb_author_info":{"display_name":"Jason Lu","author_link":"https:\/\/megatrimming.com\/fr\/author\/"},"uagb_comment_info":0,"uagb_excerpt":"Custom Private Brand Name Sew on Embossed 3D Logo Garment Soft PVC Rubber Patch Labels for Clothing","_links":{"self":[{"href":"https:\/\/megatrimming.com\/fr\/wp-json\/wp\/v2\/product\/2725","targetHints":{"allow":["GET"]}}],"collection":[{"href":"https:\/\/megatrimming.com\/fr\/wp-json\/wp\/v2\/product"}],"about":[{"href":"https:\/\/megatrimming.com\/fr\/wp-json\/wp\/v2\/types\/product"}],"replies":[{"embeddable":true,"href":"https:\/\/megatrimming.com\/fr\/wp-json\/wp\/v2\/comments?post=2725"}],"wp:featuredmedia":[{"embeddable":true,"href":"https:\/\/megatrimming.com\/fr\/wp-json\/wp\/v2\/media\/2747"}],"wp:attachment":[{"href":"https:\/\/megatrimming.com\/fr\/wp-json\/wp\/v2\/media?parent=2725"}],"wp:term":[{"taxonomy":"product_brand","embeddable":true,"href":"https:\/\/megatrimming.com\/fr\/wp-json\/wp\/v2\/product_brand?post=2725"},{"taxonomy":"product_cat","embeddable":true,"href":"https:\/\/megatrimming.com\/fr\/wp-json\/wp\/v2\/product_cat?post=2725"},{"taxonomy":"product_tag","embeddable":true,"href":"https:\/\/megatrimming.com\/fr\/wp-json\/wp\/v2\/product_tag?post=2725"}],"curies":[{"name":"wp","href":"https:\/\/api.w.org\/{rel}","templated":true}]}}