{"id":2726,"date":"2022-12-20T15:01:39","date_gmt":"2022-12-20T07:01:39","guid":{"rendered":"https:\/\/megatrimming.com\/?post_type=product&#038;p=2726"},"modified":"2022-12-20T15:08:04","modified_gmt":"2022-12-20T07:08:04","slug":"custom-3d-raised-brand-name-logo-soft-pvc-rubber-patch","status":"publish","type":"product","link":"https:\/\/megatrimming.com\/fr\/produit\/custom-3d-raised-brand-name-logo-soft-pvc-rubber-patch\/","title":{"rendered":"patch en caoutchouc PVC souple avec logo de marque en relief 3D personnalis\u00e9"},"content":{"rendered":"","protected":false},"excerpt":{"rendered":"<div class=\"product-title\">\n<h6 data-spm-anchor-id=\"a2700.details.0.i6.67e12f1eXgE7E5\">\u00c9tiquettes de v\u00eatements de mode en caoutchouc PVC souple avec logo de marque en relief 3D personnalis\u00e9 de qualit\u00e9 sup\u00e9rieure<\/h6>\n<\/div>","protected":false},"featured_media":2744,"comment_status":"open","ping_status":"closed","template":"","meta":{"_seopress_robots_primary_cat":"none","_seopress_titles_title":"","_seopress_titles_desc":"","_seopress_robots_index":"","_uag_custom_page_level_css":""},"product_brand":[],"product_cat":[40,28],"product_tag":[92],"class_list":{"0":"post-2726","1":"product","2":"type-product","3":"status-publish","4":"has-post-thumbnail","6":"product_cat-rubber-label","7":"product_cat-pvc-label","8":"product_tag-pvc-label","10":"first","11":"instock","12":"shipping-taxable","13":"product-type-simple"},"uagb_featured_image_src":{"full":["https:\/\/megatrimming.com\/wp-content\/uploads\/2022\/12\/Main-02-2-2-scaled.jpg",2560,2560,false],"thumbnail":["https:\/\/megatrimming.com\/wp-content\/uploads\/2022\/12\/Main-02-2-2-150x150.jpg",150,150,true],"medium":["https:\/\/megatrimming.com\/wp-content\/uploads\/2022\/12\/Main-02-2-2-300x300.jpg",300,300,true],"medium_large":["https:\/\/megatrimming.com\/wp-content\/uploads\/2022\/12\/Main-02-2-2-768x768.jpg",768,768,true],"large":["https:\/\/megatrimming.com\/wp-content\/uploads\/2022\/12\/Main-02-2-2-1024x1024.jpg",800,800,true],"1536x1536":["https:\/\/megatrimming.com\/wp-content\/uploads\/2022\/12\/Main-02-2-2-1536x1536.jpg",1536,1536,true],"2048x2048":["https:\/\/megatrimming.com\/wp-content\/uploads\/2022\/12\/Main-02-2-2-2048x2048.jpg",2048,2048,true],"trp-custom-language-flag":["https:\/\/megatrimming.com\/wp-content\/uploads\/2022\/12\/Main-02-2-2-scaled.jpg",12,12,false],"woocommerce_thumbnail":["https:\/\/megatrimming.com\/wp-content\/uploads\/2022\/12\/Main-02-2-2-300x300.jpg",300,300,true],"woocommerce_single":["https:\/\/megatrimming.com\/wp-content\/uploads\/2022\/12\/Main-02-2-2-600x600.jpg",600,600,true],"woocommerce_gallery_thumbnail":["https:\/\/megatrimming.com\/wp-content\/uploads\/2022\/12\/Main-02-2-2-100x100.jpg",100,100,true]},"uagb_author_info":{"display_name":"Jason Lu","author_link":"https:\/\/megatrimming.com\/fr\/author\/"},"uagb_comment_info":0,"uagb_excerpt":"Top quality custom 3d raised brand name logo soft pvc rubber patch label fashion garment labels","_links":{"self":[{"href":"https:\/\/megatrimming.com\/fr\/wp-json\/wp\/v2\/product\/2726","targetHints":{"allow":["GET"]}}],"collection":[{"href":"https:\/\/megatrimming.com\/fr\/wp-json\/wp\/v2\/product"}],"about":[{"href":"https:\/\/megatrimming.com\/fr\/wp-json\/wp\/v2\/types\/product"}],"replies":[{"embeddable":true,"href":"https:\/\/megatrimming.com\/fr\/wp-json\/wp\/v2\/comments?post=2726"}],"wp:featuredmedia":[{"embeddable":true,"href":"https:\/\/megatrimming.com\/fr\/wp-json\/wp\/v2\/media\/2744"}],"wp:attachment":[{"href":"https:\/\/megatrimming.com\/fr\/wp-json\/wp\/v2\/media?parent=2726"}],"wp:term":[{"taxonomy":"product_brand","embeddable":true,"href":"https:\/\/megatrimming.com\/fr\/wp-json\/wp\/v2\/product_brand?post=2726"},{"taxonomy":"product_cat","embeddable":true,"href":"https:\/\/megatrimming.com\/fr\/wp-json\/wp\/v2\/product_cat?post=2726"},{"taxonomy":"product_tag","embeddable":true,"href":"https:\/\/megatrimming.com\/fr\/wp-json\/wp\/v2\/product_tag?post=2726"}],"curies":[{"name":"wp","href":"https:\/\/api.w.org\/{rel}","templated":true}]}}