{"id":2771,"date":"2022-12-29T15:19:27","date_gmt":"2022-12-29T07:19:27","guid":{"rendered":"https:\/\/megatrimming.com\/?post_type=product&#038;p=2771"},"modified":"2022-12-29T15:30:43","modified_gmt":"2022-12-29T07:30:43","slug":"custom-logo-embossed-silicon-soft-pvc-rubber-label","status":"publish","type":"product","link":"https:\/\/megatrimming.com\/fr\/produit\/custom-logo-embossed-silicon-soft-pvc-rubber-label\/","title":{"rendered":"\u00c9tiquette en caoutchouc PVC souple en silicone avec logo personnalis\u00e9 en relief"},"content":{"rendered":"","protected":false},"excerpt":{"rendered":"<div class=\"product-title\">\n<div class=\"product-title\">\n<h6 data-spm-anchor-id=\"a2700.details.0.i10.169862c5IBkT0k\">Vente chaude de haute qualit\u00e9 Patch pour v\u00eatements, chaussures Sac V\u00eatement V\u00eatements Logo personnalis\u00e9 en relief Silicone souple PVC Caoutchouc \u00c9tiquette<span id=\"title-tag\"><\/span><\/h6>\n<\/div>\n<div id=\"product-review\">\n<div><\/div>\n<\/div>\n<h6 id=\"product-glp\"><\/h6>\n<\/div>","protected":false},"featured_media":2798,"comment_status":"open","ping_status":"closed","template":"","meta":{"_seopress_robots_primary_cat":"none","_seopress_titles_title":"","_seopress_titles_desc":"","_seopress_robots_index":"","_uag_custom_page_level_css":""},"product_brand":[],"product_cat":[40,28],"product_tag":[92],"class_list":{"0":"post-2771","1":"product","2":"type-product","3":"status-publish","4":"has-post-thumbnail","6":"product_cat-rubber-label","7":"product_cat-pvc-label","8":"product_tag-pvc-label","10":"first","11":"instock","12":"shipping-taxable","13":"product-type-simple"},"uagb_featured_image_src":{"full":["https:\/\/megatrimming.com\/wp-content\/uploads\/2022\/12\/Main-06-4-1.jpg",640,640,false],"thumbnail":["https:\/\/megatrimming.com\/wp-content\/uploads\/2022\/12\/Main-06-4-1-150x150.jpg",150,150,true],"medium":["https:\/\/megatrimming.com\/wp-content\/uploads\/2022\/12\/Main-06-4-1-300x300.jpg",300,300,true],"medium_large":["https:\/\/megatrimming.com\/wp-content\/uploads\/2022\/12\/Main-06-4-1.jpg",640,640,false],"large":["https:\/\/megatrimming.com\/wp-content\/uploads\/2022\/12\/Main-06-4-1.jpg",640,640,false],"1536x1536":["https:\/\/megatrimming.com\/wp-content\/uploads\/2022\/12\/Main-06-4-1.jpg",640,640,false],"2048x2048":["https:\/\/megatrimming.com\/wp-content\/uploads\/2022\/12\/Main-06-4-1.jpg",640,640,false],"trp-custom-language-flag":["https:\/\/megatrimming.com\/wp-content\/uploads\/2022\/12\/Main-06-4-1.jpg",12,12,false],"woocommerce_thumbnail":["https:\/\/megatrimming.com\/wp-content\/uploads\/2022\/12\/Main-06-4-1-300x300.jpg",300,300,true],"woocommerce_single":["https:\/\/megatrimming.com\/wp-content\/uploads\/2022\/12\/Main-06-4-1-600x600.jpg",600,600,true],"woocommerce_gallery_thumbnail":["https:\/\/megatrimming.com\/wp-content\/uploads\/2022\/12\/Main-06-4-1-100x100.jpg",100,100,true]},"uagb_author_info":{"display_name":"Jason Lu","author_link":"https:\/\/megatrimming.com\/fr\/author\/"},"uagb_comment_info":0,"uagb_excerpt":"Hot Sell High Quality Patch for Clothing, Shoes Bag Garment Clothing Custom Logo Embossed Silicon Soft PVC Rubber Label","_links":{"self":[{"href":"https:\/\/megatrimming.com\/fr\/wp-json\/wp\/v2\/product\/2771","targetHints":{"allow":["GET"]}}],"collection":[{"href":"https:\/\/megatrimming.com\/fr\/wp-json\/wp\/v2\/product"}],"about":[{"href":"https:\/\/megatrimming.com\/fr\/wp-json\/wp\/v2\/types\/product"}],"replies":[{"embeddable":true,"href":"https:\/\/megatrimming.com\/fr\/wp-json\/wp\/v2\/comments?post=2771"}],"wp:featuredmedia":[{"embeddable":true,"href":"https:\/\/megatrimming.com\/fr\/wp-json\/wp\/v2\/media\/2798"}],"wp:attachment":[{"href":"https:\/\/megatrimming.com\/fr\/wp-json\/wp\/v2\/media?parent=2771"}],"wp:term":[{"taxonomy":"product_brand","embeddable":true,"href":"https:\/\/megatrimming.com\/fr\/wp-json\/wp\/v2\/product_brand?post=2771"},{"taxonomy":"product_cat","embeddable":true,"href":"https:\/\/megatrimming.com\/fr\/wp-json\/wp\/v2\/product_cat?post=2771"},{"taxonomy":"product_tag","embeddable":true,"href":"https:\/\/megatrimming.com\/fr\/wp-json\/wp\/v2\/product_tag?post=2771"}],"curies":[{"name":"wp","href":"https:\/\/api.w.org\/{rel}","templated":true}]}}