{"id":1296,"date":"2022-05-12T10:42:39","date_gmt":"2022-05-12T02:42:39","guid":{"rendered":"https:\/\/megatrimming.com\/?post_type=product&#038;p=1296"},"modified":"2022-05-12T10:47:09","modified_gmt":"2022-05-12T02:47:09","slug":"tpu-symphony-reflective-rubber-label","status":"publish","type":"product","link":"https:\/\/megatrimming.com\/pt\/produto\/tpu-symphony-reflective-rubber-label\/","title":{"rendered":"Etiqueta de borracha reflexiva TPU Symphony"},"content":{"rendered":"","protected":false},"excerpt":{"rendered":"<p>Os fabricantes personalizam etiquetas TPU de alta frequ\u00eancia com cores m\u00e1gicas, etiquetas de borracha de voltagem de processamento de acess\u00f3rios de vestu\u00e1rio.<\/p>","protected":false},"featured_media":1297,"comment_status":"open","ping_status":"closed","template":"","meta":{"_seopress_robots_primary_cat":"","_seopress_titles_title":"","_seopress_titles_desc":"","_seopress_robots_index":"","_uag_custom_page_level_css":""},"product_brand":[],"product_cat":[49],"product_tag":[67,31],"class_list":{"0":"post-1296","1":"product","2":"type-product","3":"status-publish","4":"has-post-thumbnail","6":"product_cat-tpu-label","7":"product_tag-heat-transfer","8":"product_tag-tpu","10":"first","11":"instock","12":"shipping-taxable","13":"product-type-simple"},"uagb_featured_image_src":{"full":["https:\/\/megatrimming.com\/wp-content\/uploads\/2022\/05\/\u4e3b\u56fe-03-5.jpg",800,800,false],"thumbnail":["https:\/\/megatrimming.com\/wp-content\/uploads\/2022\/05\/\u4e3b\u56fe-03-5-150x150.jpg",150,150,true],"medium":["https:\/\/megatrimming.com\/wp-content\/uploads\/2022\/05\/\u4e3b\u56fe-03-5-300x300.jpg",300,300,true],"medium_large":["https:\/\/megatrimming.com\/wp-content\/uploads\/2022\/05\/\u4e3b\u56fe-03-5-768x768.jpg",768,768,true],"large":["https:\/\/megatrimming.com\/wp-content\/uploads\/2022\/05\/\u4e3b\u56fe-03-5.jpg",800,800,false],"1536x1536":["https:\/\/megatrimming.com\/wp-content\/uploads\/2022\/05\/\u4e3b\u56fe-03-5.jpg",800,800,false],"2048x2048":["https:\/\/megatrimming.com\/wp-content\/uploads\/2022\/05\/\u4e3b\u56fe-03-5.jpg",800,800,false],"trp-custom-language-flag":["https:\/\/megatrimming.com\/wp-content\/uploads\/2022\/05\/\u4e3b\u56fe-03-5.jpg",12,12,false],"woocommerce_thumbnail":["https:\/\/megatrimming.com\/wp-content\/uploads\/2022\/05\/\u4e3b\u56fe-03-5-300x300.jpg",300,300,true],"woocommerce_single":["https:\/\/megatrimming.com\/wp-content\/uploads\/2022\/05\/\u4e3b\u56fe-03-5-600x600.jpg",600,600,true],"woocommerce_gallery_thumbnail":["https:\/\/megatrimming.com\/wp-content\/uploads\/2022\/05\/\u4e3b\u56fe-03-5-100x100.jpg",100,100,true]},"uagb_author_info":{"display_name":"Jason Lu","author_link":"https:\/\/megatrimming.com\/pt\/author\/"},"uagb_comment_info":0,"uagb_excerpt":"Manufacturers customize magic color high-frequency tpu label, clothing accessories processing voltage rubber label.","_links":{"self":[{"href":"https:\/\/megatrimming.com\/pt\/wp-json\/wp\/v2\/product\/1296","targetHints":{"allow":["GET"]}}],"collection":[{"href":"https:\/\/megatrimming.com\/pt\/wp-json\/wp\/v2\/product"}],"about":[{"href":"https:\/\/megatrimming.com\/pt\/wp-json\/wp\/v2\/types\/product"}],"replies":[{"embeddable":true,"href":"https:\/\/megatrimming.com\/pt\/wp-json\/wp\/v2\/comments?post=1296"}],"wp:featuredmedia":[{"embeddable":true,"href":"https:\/\/megatrimming.com\/pt\/wp-json\/wp\/v2\/media\/1297"}],"wp:attachment":[{"href":"https:\/\/megatrimming.com\/pt\/wp-json\/wp\/v2\/media?parent=1296"}],"wp:term":[{"taxonomy":"product_brand","embeddable":true,"href":"https:\/\/megatrimming.com\/pt\/wp-json\/wp\/v2\/product_brand?post=1296"},{"taxonomy":"product_cat","embeddable":true,"href":"https:\/\/megatrimming.com\/pt\/wp-json\/wp\/v2\/product_cat?post=1296"},{"taxonomy":"product_tag","embeddable":true,"href":"https:\/\/megatrimming.com\/pt\/wp-json\/wp\/v2\/product_tag?post=1296"}],"curies":[{"name":"wp","href":"https:\/\/api.w.org\/{rel}","templated":true}]}}