{"id":1528,"date":"2022-06-15T11:37:27","date_gmt":"2022-06-15T03:37:27","guid":{"rendered":"https:\/\/megatrimming.com\/?post_type=product&#038;p=1528"},"modified":"2022-06-15T11:41:28","modified_gmt":"2022-06-15T03:41:28","slug":"fashion-clothing-rubber-label","status":"publish","type":"product","link":"https:\/\/megatrimming.com\/pt\/produto\/fashion-clothing-rubber-label\/","title":{"rendered":"Etiqueta de borracha para roupas da moda"},"content":{"rendered":"","protected":false},"excerpt":{"rendered":"<p>Vendas diretas da f\u00e1brica de etiquetas flex\u00edveis de PVC com cola de carimbo de moda retr\u00f4.<\/p>","protected":false},"featured_media":1529,"comment_status":"open","ping_status":"closed","template":"","meta":{"_seopress_robots_primary_cat":"","_seopress_titles_title":"","_seopress_titles_desc":"","_seopress_robots_index":"","_uag_custom_page_level_css":""},"product_brand":[],"product_cat":[40,28],"product_tag":[92],"class_list":{"0":"post-1528","1":"product","2":"type-product","3":"status-publish","4":"has-post-thumbnail","6":"product_cat-rubber-label","7":"product_cat-pvc-label","8":"product_tag-pvc-label","10":"first","11":"instock","12":"shipping-taxable","13":"product-type-simple"},"uagb_featured_image_src":{"full":["https:\/\/megatrimming.com\/wp-content\/uploads\/2022\/06\/\u4e3b\u56fe-03-10.jpg",1920,1920,false],"thumbnail":["https:\/\/megatrimming.com\/wp-content\/uploads\/2022\/06\/\u4e3b\u56fe-03-10-150x150.jpg",150,150,true],"medium":["https:\/\/megatrimming.com\/wp-content\/uploads\/2022\/06\/\u4e3b\u56fe-03-10-300x300.jpg",300,300,true],"medium_large":["https:\/\/megatrimming.com\/wp-content\/uploads\/2022\/06\/\u4e3b\u56fe-03-10-768x768.jpg",768,768,true],"large":["https:\/\/megatrimming.com\/wp-content\/uploads\/2022\/06\/\u4e3b\u56fe-03-10-1024x1024.jpg",800,800,true],"1536x1536":["https:\/\/megatrimming.com\/wp-content\/uploads\/2022\/06\/\u4e3b\u56fe-03-10-1536x1536.jpg",1536,1536,true],"2048x2048":["https:\/\/megatrimming.com\/wp-content\/uploads\/2022\/06\/\u4e3b\u56fe-03-10.jpg",1920,1920,false],"trp-custom-language-flag":["https:\/\/megatrimming.com\/wp-content\/uploads\/2022\/06\/\u4e3b\u56fe-03-10.jpg",12,12,false],"woocommerce_thumbnail":["https:\/\/megatrimming.com\/wp-content\/uploads\/2022\/06\/\u4e3b\u56fe-03-10-300x300.jpg",300,300,true],"woocommerce_single":["https:\/\/megatrimming.com\/wp-content\/uploads\/2022\/06\/\u4e3b\u56fe-03-10-600x600.jpg",600,600,true],"woocommerce_gallery_thumbnail":["https:\/\/megatrimming.com\/wp-content\/uploads\/2022\/06\/\u4e3b\u56fe-03-10-100x100.jpg",100,100,true]},"uagb_author_info":{"display_name":"Jason Lu","author_link":"https:\/\/megatrimming.com\/pt\/author\/"},"uagb_comment_info":0,"uagb_excerpt":"Retro fashion soft label PVC glue stamp soft label factory direct sales.","_links":{"self":[{"href":"https:\/\/megatrimming.com\/pt\/wp-json\/wp\/v2\/product\/1528","targetHints":{"allow":["GET"]}}],"collection":[{"href":"https:\/\/megatrimming.com\/pt\/wp-json\/wp\/v2\/product"}],"about":[{"href":"https:\/\/megatrimming.com\/pt\/wp-json\/wp\/v2\/types\/product"}],"replies":[{"embeddable":true,"href":"https:\/\/megatrimming.com\/pt\/wp-json\/wp\/v2\/comments?post=1528"}],"wp:featuredmedia":[{"embeddable":true,"href":"https:\/\/megatrimming.com\/pt\/wp-json\/wp\/v2\/media\/1529"}],"wp:attachment":[{"href":"https:\/\/megatrimming.com\/pt\/wp-json\/wp\/v2\/media?parent=1528"}],"wp:term":[{"taxonomy":"product_brand","embeddable":true,"href":"https:\/\/megatrimming.com\/pt\/wp-json\/wp\/v2\/product_brand?post=1528"},{"taxonomy":"product_cat","embeddable":true,"href":"https:\/\/megatrimming.com\/pt\/wp-json\/wp\/v2\/product_cat?post=1528"},{"taxonomy":"product_tag","embeddable":true,"href":"https:\/\/megatrimming.com\/pt\/wp-json\/wp\/v2\/product_tag?post=1528"}],"curies":[{"name":"wp","href":"https:\/\/api.w.org\/{rel}","templated":true}]}}