{"id":2453,"date":"2022-11-03T15:31:22","date_gmt":"2022-11-03T07:31:22","guid":{"rendered":"https:\/\/megatrimming.com\/?post_type=product&#038;p=2453"},"modified":"2022-11-03T15:36:40","modified_gmt":"2022-11-03T07:36:40","slug":"custom-shape-pattern-labels-3d-silicone-pvc-labels-for-garment","status":"publish","type":"product","link":"https:\/\/megatrimming.com\/pt\/produto\/custom-shape-pattern-labels-3d-silicone-pvc-labels-for-garment\/","title":{"rendered":"Etiquetas de padr\u00e3o de forma personalizada 3D Etiquetas de PVC de silicone para vestu\u00e1rio"},"content":{"rendered":"","protected":false},"excerpt":{"rendered":"<h1>Etiquetas de padr\u00e3o de forma personalizada 3D Etiquetas de PVC de silicone para vestu\u00e1rio<\/h1>","protected":false},"featured_media":2475,"comment_status":"open","ping_status":"closed","template":"","meta":{"_seopress_robots_primary_cat":"none","_seopress_titles_title":"","_seopress_titles_desc":"","_seopress_robots_index":"","_uag_custom_page_level_css":""},"product_brand":[],"product_cat":[40,28],"product_tag":[92],"class_list":{"0":"post-2453","1":"product","2":"type-product","3":"status-publish","4":"has-post-thumbnail","6":"product_cat-rubber-label","7":"product_cat-pvc-label","8":"product_tag-pvc-label","10":"first","11":"instock","12":"shipping-taxable","13":"product-type-simple"},"uagb_featured_image_src":{"full":["https:\/\/megatrimming.com\/wp-content\/uploads\/2022\/11\/Main-07.png",789,789,false],"thumbnail":["https:\/\/megatrimming.com\/wp-content\/uploads\/2022\/11\/Main-07-150x150.png",150,150,true],"medium":["https:\/\/megatrimming.com\/wp-content\/uploads\/2022\/11\/Main-07-300x300.png",300,300,true],"medium_large":["https:\/\/megatrimming.com\/wp-content\/uploads\/2022\/11\/Main-07-768x768.png",768,768,true],"large":["https:\/\/megatrimming.com\/wp-content\/uploads\/2022\/11\/Main-07.png",789,789,false],"1536x1536":["https:\/\/megatrimming.com\/wp-content\/uploads\/2022\/11\/Main-07.png",789,789,false],"2048x2048":["https:\/\/megatrimming.com\/wp-content\/uploads\/2022\/11\/Main-07.png",789,789,false],"trp-custom-language-flag":["https:\/\/megatrimming.com\/wp-content\/uploads\/2022\/11\/Main-07.png",12,12,false],"woocommerce_thumbnail":["https:\/\/megatrimming.com\/wp-content\/uploads\/2022\/11\/Main-07-300x300.png",300,300,true],"woocommerce_single":["https:\/\/megatrimming.com\/wp-content\/uploads\/2022\/11\/Main-07-600x600.png",600,600,true],"woocommerce_gallery_thumbnail":["https:\/\/megatrimming.com\/wp-content\/uploads\/2022\/11\/Main-07-100x100.png",100,100,true]},"uagb_author_info":{"display_name":"Jason Lu","author_link":"https:\/\/megatrimming.com\/pt\/author\/"},"uagb_comment_info":0,"uagb_excerpt":"Custom Shape Pattern Labels 3D Silicone PVC Labels For Garment","_links":{"self":[{"href":"https:\/\/megatrimming.com\/pt\/wp-json\/wp\/v2\/product\/2453","targetHints":{"allow":["GET"]}}],"collection":[{"href":"https:\/\/megatrimming.com\/pt\/wp-json\/wp\/v2\/product"}],"about":[{"href":"https:\/\/megatrimming.com\/pt\/wp-json\/wp\/v2\/types\/product"}],"replies":[{"embeddable":true,"href":"https:\/\/megatrimming.com\/pt\/wp-json\/wp\/v2\/comments?post=2453"}],"wp:featuredmedia":[{"embeddable":true,"href":"https:\/\/megatrimming.com\/pt\/wp-json\/wp\/v2\/media\/2475"}],"wp:attachment":[{"href":"https:\/\/megatrimming.com\/pt\/wp-json\/wp\/v2\/media?parent=2453"}],"wp:term":[{"taxonomy":"product_brand","embeddable":true,"href":"https:\/\/megatrimming.com\/pt\/wp-json\/wp\/v2\/product_brand?post=2453"},{"taxonomy":"product_cat","embeddable":true,"href":"https:\/\/megatrimming.com\/pt\/wp-json\/wp\/v2\/product_cat?post=2453"},{"taxonomy":"product_tag","embeddable":true,"href":"https:\/\/megatrimming.com\/pt\/wp-json\/wp\/v2\/product_tag?post=2453"}],"curies":[{"name":"wp","href":"https:\/\/api.w.org\/{rel}","templated":true}]}}